{"id":853,"date":"2025-09-08T12:35:22","date_gmt":"2025-09-08T10:35:22","guid":{"rendered":"https:\/\/www.steuerbuero-goettingen.de\/?page_id=853"},"modified":"2025-09-08T12:36:06","modified_gmt":"2025-09-08T10:36:06","slug":"stellenangebot-steuerfachwirtin","status":"publish","type":"page","link":"https:\/\/www.steuerbuero-goettingen.de\/?page_id=853","title":{"rendered":"Stellenangebot Steuerfachwirt*in"},"content":{"rendered":"\n<p><\/p>\n\n\n\n<p><strong>Du bist:<\/strong><\/p>\n\n\n\n<ul class=\"wp-block-list\">\n<li>Teamf\u00e4hig<\/li>\n\n\n\n<li>Lernbereit<\/li>\n\n\n\n<li>Diskret, P\u00fcnktlich und Zuverl\u00e4ssig<\/li>\n\n\n\n<li>Steuerfachwirt (m\/w\/d)<\/li>\n<\/ul>\n\n\n\n<p><strong>Wir bieten:<\/strong><\/p>\n\n\n\n<ul class=\"wp-block-list\">\n<li>Fahrtkostenerstattung<\/li>\n\n\n\n<li>40 \u20ac Zuschuss zu Verm\u00f6genswirksamen Leistungen&nbsp;<\/li>\n\n\n\n<li>20% Zuschuss zur betriebliche Altersvorsorge&nbsp;<\/li>\n\n\n\n<li>Jubil\u00e4umspr\u00e4mien f\u00fcr langj\u00e4hrige Mitarbeiter<\/li>\n\n\n\n<li>30 Tage Urlaub, zus\u00e4tzlich jeweils einen halben Tag f\u00fcr Heilig Abend, Silvester und Geburtstag<\/li>\n\n\n\n<li>Eine betriebliche Krankenversicherung<\/li>\n\n\n\n<li>Eine betriebliche Unfallversicherung, die auch private Unf\u00e4lle abdeckt<\/li>\n\n\n\n<li>Ab 3.500,00 \u20ac pro Monat aufw\u00e4rts f\u00fcr Vollzeit, je nach Berufserfahrung<\/li>\n\n\n\n<li>30 \u2013 40 Stundenwoche mit Gleitzeit<\/li>\n\n\n\n<li>Homeoffice ist nach der Einarbeitung m\u00f6glich<\/li>\n<\/ul>\n\n\n\n<p><strong>Deine Aufgaben:<\/strong><\/p>\n\n\n\n<ul class=\"wp-block-list\">\n<li>Erstellen von Buchf\u00fchrung mit einem hohen Grad an Digitalisierung und Automatisierung<\/li>\n\n\n\n<li>Erstellung von Jahresabschl\u00fcssen f\u00fcr Unternehmen verschiedener Branchen<\/li>\n\n\n\n<li>Bearbeitung von betrieblichen Steuererkl\u00e4rungen<\/li>\n\n\n\n<li>Interessante Einkommensteuererkl\u00e4rungen<\/li>\n\n\n\n<li>Erstellung Lohnabrechnungen, soweit m\u00f6glich<\/li>\n<\/ul>\n\n\n\n<p>Werde ein Teil einer wachsenden und zukunftsorientierten Gemeinschaft.<\/p>\n\n\n\n<p><strong>Jetzt online bewerben:<\/strong><\/p>\n\n\n<noscript class=\"ninja-forms-noscript-message\">\n\tHinweis: F\u00fcr diesen Inhalt ist JavaScript erforderlich.<\/noscript>\n<div id=\"nf-form-4-cont\" class=\"nf-form-cont\" aria-live=\"polite\" aria-labelledby=\"nf-form-title-4\" aria-describedby=\"nf-form-errors-4\" role=\"form\">\n\n    <div class=\"nf-loading-spinner\"><\/div>\n\n<\/div>\n        <!-- That data is being printed as a workaround to page builders reordering the order of the scripts loaded-->\n        <script>var formDisplay=1;var nfForms=nfForms||[];var form=[];form.id='4';form.settings={\"objectType\":\"Form Setting\",\"editActive\":true,\"title\":\"Steuerfachwirt (mwd)\",\"show_title\":1,\"allow_public_link\":0,\"embed_form\":\"\",\"clear_complete\":1,\"hide_complete\":1,\"default_label_pos\":\"above\",\"wrapper_class\":\"\",\"element_class\":\"\",\"form_title_heading_level\":\"3\",\"key\":\"\",\"add_submit\":0,\"currency\":\"\",\"unique_field_error\":\"Ein Formular mit diesem Wert wurde bereits eingereicht.\",\"logged_in\":false,\"not_logged_in_msg\":\"\",\"sub_limit_msg\":\"Das Formular hat sein Beitragslimit erreicht.\",\"calculations\":[],\"formContentData\":[\"firstname_1756992220029\",\"name_1756992231521\",\"strasse_hausnummer_1757329623050\",\"plz_ort_1757329611542\",\"phone_1756992254021\",\"email_1756992256464\",\"html_1757330677895\",\"textarea_1757330689823\",\"submit_1756992424493\"],\"changeEmailErrorMsg\":\"Bitte gib eine g\\u00fcltige E-Mail-Adresse ein.\",\"changeDateErrorMsg\":\"Bitte gib ein g\\u00fcltiges Datum ein!\",\"confirmFieldErrorMsg\":\"Diese Felder m\\u00fcssen \\u00fcbereinstimmen!\",\"fieldNumberNumMinError\":\"Die eingegebene Zahl ist zu klein.\",\"fieldNumberNumMaxError\":\"Die eingegebene Zahl ist zu gross.\",\"fieldNumberIncrementBy\":\"Bitte erh\\u00f6hen in Schritten von\",\"formErrorsCorrectErrors\":\"Bitte korrigiere die Fehler, bevor du das Formular sendest.\",\"validateRequiredField\":\"Dies ist ein Pflichtfeld.\",\"honeypotHoneypotError\":\"Honeypot-Fehler\",\"fieldsMarkedRequired\":\"Felder mit einem <span class=\\\"ninja-forms-req-symbol\\\">*<\\\/span> sind Pflichtfelder\",\"objectDomain\":\"display\",\"drawerDisabled\":false,\"ninjaForms\":\"Ninja Forms\",\"fieldTextareaRTEInsertLink\":\"Link einf\\u00fcgen\",\"fieldTextareaRTEInsertMedia\":\"Medien einf\\u00fcgen\",\"fieldTextareaRTESelectAFile\":\"Eine Datei ausw\\u00e4hlen\",\"tableInsertRowAbove\":\"Insert Row Above\",\"tableInsertRowBelow\":\"Insert Row Below\",\"tableInsertColumnLeft\":\"Insert Column Left\",\"tableInsertColumnRight\":\"Insert Column Right\",\"tableDeleteRow\":\"Delete Row\",\"tableDeleteColumn\":\"Delete Column\",\"tableDeleteTable\":\"Delete Table\",\"tableLegacyNotice\":\"This content has tables in the old editor format. Custom styles are preserved until converted. Editing will update to the new format.\",\"tableLegacyConvert\":\"Convert Now\",\"tableInsertTable\":\"Insert Table\",\"dismiss\":\"Verwerfen\",\"insertLink\":\"Link einf\\u00fcgen\",\"formHoneypot\":\"Falls du ein Mensch bist und dieses Feld siehst, dann lasse es bitte leer.\",\"fileUploadOldCodeFileUploadInProgress\":\"Datei-Upload l\\u00e4uft.\",\"fileUploadOldCodeFileUpload\":\"DATEI-UPLOAD\",\"currencySymbol\":\"&#36;\",\"thousands_sep\":\".\",\"decimal_point\":\",\",\"siteLocale\":\"de_DE\",\"dateFormat\":\"m\\\/d\\\/Y\",\"startOfWeek\":\"1\",\"of\":\"von\",\"previousMonth\":\"Vorheriger Monat\",\"nextMonth\":\"N\\u00e4chster Monat\",\"months\":[\"Januar\",\"Februar\",\"M\\u00e4rz\",\"April\",\"Mai\",\"Juni\",\"Juli\",\"August\",\"September\",\"Oktober\",\"November\",\"Dezember\"],\"monthsShort\":[\"Jan.\",\"Feb.\",\"M\\u00e4rz\",\"Apr.\",\"Mai\",\"Juni\",\"Juli\",\"Aug\",\"Sep.\",\"Okt.\",\"Nov.\",\"Dez.\"],\"weekdays\":[\"Sonntag\",\"Montag\",\"Dienstag\",\"Mittwoch\",\"Donnerstag\",\"Freitag\",\"Samstag\"],\"weekdaysShort\":[\"So.\",\"Mo.\",\"Di.\",\"Mi.\",\"Do.\",\"Fr.\",\"Sa.\"],\"weekdaysMin\":[\"So.\",\"Mo.\",\"Di.\",\"Mi.\",\"Do.\",\"Fr.\",\"Sa.\"],\"recaptchaConsentMissing\":\"reCaptcha validation couldn&#039;t load.\",\"recaptchaMissingCookie\":\"reCaptcha v3 validation couldn&#039;t load the cookie needed to submit the form.\",\"recaptchaConsentEvent\":\"Accept reCaptcha cookies before sending the form.\",\"currency_symbol\":\"\",\"beforeForm\":\"\",\"beforeFields\":\"\",\"afterFields\":\"\",\"afterForm\":\"\"};form.fields=[{\"objectType\":\"Field\",\"objectDomain\":\"fields\",\"editActive\":false,\"order\":1,\"idAttribute\":\"id\",\"type\":\"firstname\",\"label\":\"Vorname\",\"key\":\"firstname_1756992220029\",\"label_pos\":\"above\",\"required\":1,\"default\":\"\",\"placeholder\":\"\",\"container_class\":\"\",\"element_class\":\"\",\"admin_label\":\"\",\"help_text\":\"\",\"custom_name_attribute\":\"fname\",\"personally_identifiable\":1,\"value\":\"\",\"id\":31,\"beforeField\":\"\",\"afterField\":\"\",\"parentType\":\"firstname\",\"element_templates\":[\"firstname\",\"input\"],\"old_classname\":\"\",\"wrap_template\":\"wrap\"},{\"objectType\":\"Field\",\"objectDomain\":\"fields\",\"editActive\":false,\"order\":2,\"idAttribute\":\"id\",\"type\":\"firstname\",\"label\":\"Name\",\"key\":\"name_1756992231521\",\"label_pos\":\"above\",\"required\":1,\"default\":\"\",\"placeholder\":\"\",\"container_class\":\"\",\"element_class\":\"\",\"admin_label\":\"\",\"help_text\":\"\",\"custom_name_attribute\":\"fname\",\"personally_identifiable\":1,\"value\":\"\",\"id\":32,\"beforeField\":\"\",\"afterField\":\"\",\"parentType\":\"firstname\",\"element_templates\":[\"firstname\",\"input\"],\"old_classname\":\"\",\"wrap_template\":\"wrap\"},{\"objectType\":\"Field\",\"objectDomain\":\"fields\",\"editActive\":false,\"order\":3,\"idAttribute\":\"id\",\"type\":\"address\",\"label\":\"Stra\\u00dfe \\\/ Hausnummer\",\"key\":\"strasse_hausnummer_1757329623050\",\"label_pos\":\"above\",\"required\":1,\"default\":\"\",\"placeholder\":\"\",\"container_class\":\"\",\"element_class\":\"\",\"input_limit\":\"\",\"input_limit_type\":\"characters\",\"input_limit_msg\":\"verbleibende(s) Zeichen\",\"manual_key\":false,\"admin_label\":\"\",\"help_text\":\"\",\"mask\":\"\",\"custom_mask\":\"\",\"custom_name_attribute\":\"address\",\"personally_identifiable\":1,\"value\":\"\",\"drawerDisabled\":false,\"id\":33,\"beforeField\":\"\",\"afterField\":\"\",\"parentType\":\"address\",\"element_templates\":[\"address\",\"textbox\",\"input\"],\"old_classname\":\"\",\"wrap_template\":\"wrap\"},{\"objectType\":\"Field\",\"objectDomain\":\"fields\",\"editActive\":false,\"order\":4,\"idAttribute\":\"id\",\"label\":\"PLZ \\\/ Ort\",\"type\":\"address\",\"key\":\"plz_ort_1757329611542\",\"label_pos\":\"above\",\"required\":1,\"default\":\"\",\"placeholder\":\"\",\"container_class\":\"\",\"element_class\":\"\",\"input_limit\":\"\",\"input_limit_type\":\"characters\",\"input_limit_msg\":\"verbleibende(s) Zeichen\",\"manual_key\":false,\"admin_label\":\"\",\"help_text\":\"\",\"mask\":\"\",\"custom_mask\":\"\",\"custom_name_attribute\":\"address\",\"personally_identifiable\":1,\"value\":\"\",\"drawerDisabled\":false,\"id\":72,\"beforeField\":\"\",\"afterField\":\"\",\"parentType\":\"address\",\"element_templates\":[\"address\",\"textbox\",\"input\"],\"old_classname\":\"\",\"wrap_template\":\"wrap\"},{\"objectType\":\"Field\",\"objectDomain\":\"fields\",\"editActive\":false,\"order\":5,\"idAttribute\":\"id\",\"type\":\"phone\",\"label\":\"\\ufeffTelefon\",\"key\":\"phone_1756992254021\",\"label_pos\":\"above\",\"required\":1,\"default\":\"\",\"placeholder\":\"\",\"container_class\":\"\",\"element_class\":\"\",\"input_limit\":\"\",\"input_limit_type\":\"characters\",\"input_limit_msg\":\"verbleibende(s) Zeichen\",\"manual_key\":false,\"admin_label\":\"\",\"help_text\":\"\",\"mask\":\"\",\"custom_mask\":\"\",\"custom_name_attribute\":\"phone\",\"personally_identifiable\":1,\"value\":\"\",\"id\":34,\"beforeField\":\"\",\"afterField\":\"\",\"parentType\":\"textbox\",\"element_templates\":[\"tel\",\"textbox\",\"input\"],\"old_classname\":\"\",\"wrap_template\":\"wrap\"},{\"objectType\":\"Field\",\"objectDomain\":\"fields\",\"editActive\":false,\"order\":6,\"idAttribute\":\"id\",\"type\":\"email\",\"label\":\"E-Mail\",\"key\":\"email_1756992256464\",\"label_pos\":\"above\",\"required\":1,\"default\":\"\",\"placeholder\":\"\",\"container_class\":\"\",\"element_class\":\"\",\"admin_label\":\"\",\"help_text\":\"\",\"custom_name_attribute\":\"email\",\"personally_identifiable\":1,\"value\":\"\",\"id\":35,\"beforeField\":\"\",\"afterField\":\"\",\"parentType\":\"email\",\"element_templates\":[\"email\",\"input\"],\"old_classname\":\"\",\"wrap_template\":\"wrap\"},{\"objectType\":\"Field\",\"objectDomain\":\"fields\",\"editActive\":false,\"order\":7,\"idAttribute\":\"id\",\"label\":\"HTML\",\"type\":\"html\",\"default\":\"<p>Weitere Mitteilungen an uns:<\\\/p>\",\"container_class\":\"\",\"element_class\":\"\",\"admin_label\":\"\",\"key\":\"html_1757330677895\",\"drawerDisabled\":false,\"id\":80,\"beforeField\":\"\",\"afterField\":\"\",\"value\":\"<p>Weitere Mitteilungen an uns:<\\\/p>\",\"label_pos\":\"above\",\"parentType\":\"html\",\"element_templates\":[\"html\",\"input\"],\"old_classname\":\"\",\"wrap_template\":\"wrap\"},{\"objectType\":\"Field\",\"objectDomain\":\"fields\",\"editActive\":false,\"order\":8,\"idAttribute\":\"id\",\"label\":\"Textabsatz\",\"type\":\"textarea\",\"key\":\"textarea_1757330689823\",\"label_pos\":\"above\",\"required\":false,\"default\":\"\",\"placeholder\":\"\",\"container_class\":\"\",\"element_class\":\"\",\"input_limit\":\"\",\"input_limit_type\":\"characters\",\"input_limit_msg\":\"verbleibende(s) Zeichen\",\"manual_key\":false,\"admin_label\":\"\",\"help_text\":\"\",\"textarea_rte\":\"\",\"disable_rte_mobile\":\"\",\"textarea_media\":\"\",\"value\":\"\",\"id\":81,\"beforeField\":\"\",\"afterField\":\"\",\"parentType\":\"textarea\",\"element_templates\":[\"textarea\",\"input\"],\"old_classname\":\"\",\"wrap_template\":\"wrap\"},{\"objectType\":\"Field\",\"objectDomain\":\"fields\",\"editActive\":false,\"order\":9,\"idAttribute\":\"id\",\"type\":\"submit\",\"label\":\"Absenden\",\"processing_label\":\"Wird verarbeitet\",\"container_class\":\"\",\"element_class\":\"\",\"key\":\"submit_1756992424493\",\"admin_label\":\"\",\"drawerDisabled\":false,\"id\":37,\"beforeField\":\"\",\"afterField\":\"\",\"value\":\"\",\"label_pos\":\"above\",\"parentType\":\"textbox\",\"element_templates\":[\"submit\",\"button\",\"input\"],\"old_classname\":\"\",\"wrap_template\":\"wrap-no-label\"}];nfForms.push(form);<\/script>\n        \n","protected":false},"excerpt":{"rendered":"<p>Du bist: Wir bieten: Deine Aufgaben: Werde ein Teil einer wachsenden und zukunftsorientierten Gemeinschaft. Jetzt online bewerben:<\/p>\n","protected":false},"author":2,"featured_media":0,"parent":0,"menu_order":0,"comment_status":"closed","ping_status":"closed","template":"","meta":{"footnotes":""},"class_list":["post-853","page","type-page","status-publish","hentry"],"yoast_head":"<!-- This site is optimized with the Yoast SEO plugin v27.5 - https:\/\/yoast.com\/product\/yoast-seo-wordpress\/ -->\n<title>Stellenangebot Steuerfachwirt*in - Steuerberater Dennis Schmidt<\/title>\n<meta name=\"robots\" content=\"index, follow, max-snippet:-1, max-image-preview:large, max-video-preview:-1\" \/>\n<link rel=\"canonical\" href=\"https:\/\/www.steuerbuero-goettingen.de\/?page_id=853\" \/>\n<meta property=\"og:locale\" content=\"de_DE\" \/>\n<meta property=\"og:type\" content=\"article\" \/>\n<meta property=\"og:title\" content=\"Stellenangebot Steuerfachwirt*in - Steuerberater Dennis Schmidt\" \/>\n<meta property=\"og:description\" content=\"Du bist: Wir bieten: Deine Aufgaben: Werde ein Teil einer wachsenden und zukunftsorientierten Gemeinschaft. Jetzt online bewerben:\" \/>\n<meta property=\"og:url\" content=\"https:\/\/www.steuerbuero-goettingen.de\/?page_id=853\" \/>\n<meta property=\"og:site_name\" content=\"Steuerberater Dennis Schmidt\" \/>\n<meta property=\"article:modified_time\" content=\"2025-09-08T10:36:06+00:00\" \/>\n<meta name=\"twitter:card\" content=\"summary_large_image\" \/>\n<meta name=\"twitter:label1\" content=\"Gesch\u00e4tzte Lesezeit\" \/>\n\t<meta name=\"twitter:data1\" content=\"1\u00a0Minute\" \/>\n<script type=\"application\/ld+json\" class=\"yoast-schema-graph\">{\"@context\":\"https:\\\/\\\/schema.org\",\"@graph\":[{\"@type\":\"WebPage\",\"@id\":\"https:\\\/\\\/www.steuerbuero-goettingen.de\\\/?page_id=853\",\"url\":\"https:\\\/\\\/www.steuerbuero-goettingen.de\\\/?page_id=853\",\"name\":\"Stellenangebot Steuerfachwirt*in - Steuerberater Dennis Schmidt\",\"isPartOf\":{\"@id\":\"https:\\\/\\\/www.steuerbuero-goettingen.de\\\/#website\"},\"datePublished\":\"2025-09-08T10:35:22+00:00\",\"dateModified\":\"2025-09-08T10:36:06+00:00\",\"breadcrumb\":{\"@id\":\"https:\\\/\\\/www.steuerbuero-goettingen.de\\\/?page_id=853#breadcrumb\"},\"inLanguage\":\"de\",\"potentialAction\":[{\"@type\":\"ReadAction\",\"target\":[\"https:\\\/\\\/www.steuerbuero-goettingen.de\\\/?page_id=853\"]}]},{\"@type\":\"BreadcrumbList\",\"@id\":\"https:\\\/\\\/www.steuerbuero-goettingen.de\\\/?page_id=853#breadcrumb\",\"itemListElement\":[{\"@type\":\"ListItem\",\"position\":1,\"name\":\"Startseite\",\"item\":\"https:\\\/\\\/www.steuerbuero-goettingen.de\\\/\"},{\"@type\":\"ListItem\",\"position\":2,\"name\":\"Stellenangebot Steuerfachwirt*in\"}]},{\"@type\":\"WebSite\",\"@id\":\"https:\\\/\\\/www.steuerbuero-goettingen.de\\\/#website\",\"url\":\"https:\\\/\\\/www.steuerbuero-goettingen.de\\\/\",\"name\":\"Steuerberater Dennis Schmidt\",\"description\":\"Telefon 0551 - 522 06 0 \u00b7 info@steuerbuero-goettingen.de\",\"publisher\":{\"@id\":\"https:\\\/\\\/www.steuerbuero-goettingen.de\\\/#organization\"},\"potentialAction\":[{\"@type\":\"SearchAction\",\"target\":{\"@type\":\"EntryPoint\",\"urlTemplate\":\"https:\\\/\\\/www.steuerbuero-goettingen.de\\\/?s={search_term_string}\"},\"query-input\":{\"@type\":\"PropertyValueSpecification\",\"valueRequired\":true,\"valueName\":\"search_term_string\"}}],\"inLanguage\":\"de\"},{\"@type\":\"Organization\",\"@id\":\"https:\\\/\\\/www.steuerbuero-goettingen.de\\\/#organization\",\"name\":\"Steuerberater Dennis Schmidt\",\"url\":\"https:\\\/\\\/www.steuerbuero-goettingen.de\\\/\",\"logo\":{\"@type\":\"ImageObject\",\"inLanguage\":\"de\",\"@id\":\"https:\\\/\\\/www.steuerbuero-goettingen.de\\\/#\\\/schema\\\/logo\\\/image\\\/\",\"url\":\"https:\\\/\\\/www.steuerbuero-goettingen.de\\\/wp-content\\\/uploads\\\/2021\\\/01\\\/cropped-logo_x.png\",\"contentUrl\":\"https:\\\/\\\/www.steuerbuero-goettingen.de\\\/wp-content\\\/uploads\\\/2021\\\/01\\\/cropped-logo_x.png\",\"width\":60,\"height\":80,\"caption\":\"Steuerberater Dennis Schmidt\"},\"image\":{\"@id\":\"https:\\\/\\\/www.steuerbuero-goettingen.de\\\/#\\\/schema\\\/logo\\\/image\\\/\"}}]}<\/script>\n<!-- \/ Yoast SEO plugin. -->","yoast_head_json":{"title":"Stellenangebot Steuerfachwirt*in - Steuerberater Dennis Schmidt","robots":{"index":"index","follow":"follow","max-snippet":"max-snippet:-1","max-image-preview":"max-image-preview:large","max-video-preview":"max-video-preview:-1"},"canonical":"https:\/\/www.steuerbuero-goettingen.de\/?page_id=853","og_locale":"de_DE","og_type":"article","og_title":"Stellenangebot Steuerfachwirt*in - Steuerberater Dennis Schmidt","og_description":"Du bist: Wir bieten: Deine Aufgaben: Werde ein Teil einer wachsenden und zukunftsorientierten Gemeinschaft. Jetzt online bewerben:","og_url":"https:\/\/www.steuerbuero-goettingen.de\/?page_id=853","og_site_name":"Steuerberater Dennis Schmidt","article_modified_time":"2025-09-08T10:36:06+00:00","twitter_card":"summary_large_image","twitter_misc":{"Gesch\u00e4tzte Lesezeit":"1\u00a0Minute"},"schema":{"@context":"https:\/\/schema.org","@graph":[{"@type":"WebPage","@id":"https:\/\/www.steuerbuero-goettingen.de\/?page_id=853","url":"https:\/\/www.steuerbuero-goettingen.de\/?page_id=853","name":"Stellenangebot Steuerfachwirt*in - Steuerberater Dennis Schmidt","isPartOf":{"@id":"https:\/\/www.steuerbuero-goettingen.de\/#website"},"datePublished":"2025-09-08T10:35:22+00:00","dateModified":"2025-09-08T10:36:06+00:00","breadcrumb":{"@id":"https:\/\/www.steuerbuero-goettingen.de\/?page_id=853#breadcrumb"},"inLanguage":"de","potentialAction":[{"@type":"ReadAction","target":["https:\/\/www.steuerbuero-goettingen.de\/?page_id=853"]}]},{"@type":"BreadcrumbList","@id":"https:\/\/www.steuerbuero-goettingen.de\/?page_id=853#breadcrumb","itemListElement":[{"@type":"ListItem","position":1,"name":"Startseite","item":"https:\/\/www.steuerbuero-goettingen.de\/"},{"@type":"ListItem","position":2,"name":"Stellenangebot Steuerfachwirt*in"}]},{"@type":"WebSite","@id":"https:\/\/www.steuerbuero-goettingen.de\/#website","url":"https:\/\/www.steuerbuero-goettingen.de\/","name":"Steuerberater Dennis Schmidt","description":"Telefon 0551 - 522 06 0 \u00b7 info@steuerbuero-goettingen.de","publisher":{"@id":"https:\/\/www.steuerbuero-goettingen.de\/#organization"},"potentialAction":[{"@type":"SearchAction","target":{"@type":"EntryPoint","urlTemplate":"https:\/\/www.steuerbuero-goettingen.de\/?s={search_term_string}"},"query-input":{"@type":"PropertyValueSpecification","valueRequired":true,"valueName":"search_term_string"}}],"inLanguage":"de"},{"@type":"Organization","@id":"https:\/\/www.steuerbuero-goettingen.de\/#organization","name":"Steuerberater Dennis Schmidt","url":"https:\/\/www.steuerbuero-goettingen.de\/","logo":{"@type":"ImageObject","inLanguage":"de","@id":"https:\/\/www.steuerbuero-goettingen.de\/#\/schema\/logo\/image\/","url":"https:\/\/www.steuerbuero-goettingen.de\/wp-content\/uploads\/2021\/01\/cropped-logo_x.png","contentUrl":"https:\/\/www.steuerbuero-goettingen.de\/wp-content\/uploads\/2021\/01\/cropped-logo_x.png","width":60,"height":80,"caption":"Steuerberater Dennis Schmidt"},"image":{"@id":"https:\/\/www.steuerbuero-goettingen.de\/#\/schema\/logo\/image\/"}}]}},"_links":{"self":[{"href":"https:\/\/www.steuerbuero-goettingen.de\/index.php?rest_route=\/wp\/v2\/pages\/853","targetHints":{"allow":["GET"]}}],"collection":[{"href":"https:\/\/www.steuerbuero-goettingen.de\/index.php?rest_route=\/wp\/v2\/pages"}],"about":[{"href":"https:\/\/www.steuerbuero-goettingen.de\/index.php?rest_route=\/wp\/v2\/types\/page"}],"author":[{"embeddable":true,"href":"https:\/\/www.steuerbuero-goettingen.de\/index.php?rest_route=\/wp\/v2\/users\/2"}],"replies":[{"embeddable":true,"href":"https:\/\/www.steuerbuero-goettingen.de\/index.php?rest_route=%2Fwp%2Fv2%2Fcomments&post=853"}],"version-history":[{"count":2,"href":"https:\/\/www.steuerbuero-goettingen.de\/index.php?rest_route=\/wp\/v2\/pages\/853\/revisions"}],"predecessor-version":[{"id":855,"href":"https:\/\/www.steuerbuero-goettingen.de\/index.php?rest_route=\/wp\/v2\/pages\/853\/revisions\/855"}],"wp:attachment":[{"href":"https:\/\/www.steuerbuero-goettingen.de\/index.php?rest_route=%2Fwp%2Fv2%2Fmedia&parent=853"}],"curies":[{"name":"wp","href":"https:\/\/api.w.org\/{rel}","templated":true}]}}