{"id":79,"date":"2020-12-08T10:10:08","date_gmt":"2020-12-08T09:10:08","guid":{"rendered":"http:\/\/www.steuerbuero-goettingen.de\/?page_id=79"},"modified":"2021-01-25T11:23:35","modified_gmt":"2021-01-25T10:23:35","slug":"betriebswirtschaftliche-beratung","status":"publish","type":"page","link":"https:\/\/www.steuerbuero-goettingen.de\/?page_id=79","title":{"rendered":"Betriebswirtschaftliche Beratung"},"content":{"rendered":"\n<p><strong>Wer seine Arbeit nicht plant, arbeitet planlos.<\/strong><\/p>\n\n\n\n<p>Wir erstellen gemeinsam mit Ihnen Planzahlen f\u00fcr die n\u00e4chsten Jahre. Planen Ihre Investitionen und stellen fest, ob Ihre Liquidit\u00e4t ausreicht, oder sich Finanzierungsbedarf ergibt. Wir bereiten Ihre Unterlagen f\u00fcr Gespr\u00e4che mit der Bank auf. Falls gew\u00fcnscht begleiten wir Sie bei den Verhandlungen.<\/p>\n\n\n\n<ul class=\"wp-block-list\"><li>Planung der Liquidit\u00e4t<\/li><li>Planung des betrieblichen Erfolges<\/li><li>Erstellen von Verfahrensdokumentationen<\/li><li>Unterst\u00fctzung bei der Kalkulation<\/li><li>Unterst\u00fctzung bei der Einf\u00fchrung schlanker Arbeitsprozesse<\/li><li>Beratung zu Photovoltaikanlagen (siehe auch unser Kapitel <a href=\"http:\/\/www.steuerbuero-goettingen.de\/?page_id=60\">Umweltschutz<\/a>) lohnt sich eine Photovoltaikanlage? Was muss ich steuerlich beachten?<\/li><\/ul>\n","protected":false},"excerpt":{"rendered":"<p>Wer seine Arbeit nicht plant, arbeitet planlos. Wir erstellen gemeinsam mit Ihnen Planzahlen f\u00fcr die n\u00e4chsten Jahre. Planen Ihre Investitionen und stellen fest, ob Ihre <a class=\"more-link\" href=\"https:\/\/www.steuerbuero-goettingen.de\/?page_id=79\">weiterlesen&#8230;<\/a><\/p>\n","protected":false},"author":2,"featured_media":138,"parent":54,"menu_order":0,"comment_status":"closed","ping_status":"closed","template":"","meta":{"footnotes":""},"class_list":["post-79","page","type-page","status-publish","has-post-thumbnail","hentry"],"yoast_head":"<!-- This site is optimized with the Yoast SEO plugin v27.5 - https:\/\/yoast.com\/product\/yoast-seo-wordpress\/ -->\n<title>Betriebswirtschaftliche Beratung - Steuerberater Dennis Schmidt<\/title>\n<meta name=\"robots\" content=\"index, follow, max-snippet:-1, max-image-preview:large, max-video-preview:-1\" \/>\n<link rel=\"canonical\" href=\"https:\/\/www.steuerbuero-goettingen.de\/?page_id=79\" \/>\n<meta property=\"og:locale\" content=\"de_DE\" \/>\n<meta property=\"og:type\" content=\"article\" \/>\n<meta property=\"og:title\" content=\"Betriebswirtschaftliche Beratung - Steuerberater Dennis Schmidt\" \/>\n<meta property=\"og:description\" content=\"Wer seine Arbeit nicht plant, arbeitet planlos. Wir erstellen gemeinsam mit Ihnen Planzahlen f\u00fcr die n\u00e4chsten Jahre. Planen Ihre Investitionen und stellen fest, ob Ihre weiterlesen...\" \/>\n<meta property=\"og:url\" content=\"https:\/\/www.steuerbuero-goettingen.de\/?page_id=79\" \/>\n<meta property=\"og:site_name\" content=\"Steuerberater Dennis Schmidt\" \/>\n<meta property=\"article:modified_time\" content=\"2021-01-25T10:23:35+00:00\" \/>\n<meta property=\"og:image\" content=\"https:\/\/www.steuerbuero-goettingen.de\/wp-content\/uploads\/2020\/12\/betrieb_beratung.jpg\" \/>\n\t<meta property=\"og:image:width\" content=\"1200\" \/>\n\t<meta property=\"og:image:height\" content=\"400\" \/>\n\t<meta property=\"og:image:type\" content=\"image\/jpeg\" \/>\n<meta name=\"twitter:card\" content=\"summary_large_image\" \/>\n<script type=\"application\/ld+json\" class=\"yoast-schema-graph\">{\"@context\":\"https:\\\/\\\/schema.org\",\"@graph\":[{\"@type\":\"WebPage\",\"@id\":\"https:\\\/\\\/www.steuerbuero-goettingen.de\\\/?page_id=79\",\"url\":\"https:\\\/\\\/www.steuerbuero-goettingen.de\\\/?page_id=79\",\"name\":\"Betriebswirtschaftliche Beratung - Steuerberater Dennis Schmidt\",\"isPartOf\":{\"@id\":\"https:\\\/\\\/www.steuerbuero-goettingen.de\\\/#website\"},\"primaryImageOfPage\":{\"@id\":\"https:\\\/\\\/www.steuerbuero-goettingen.de\\\/?page_id=79#primaryimage\"},\"image\":{\"@id\":\"https:\\\/\\\/www.steuerbuero-goettingen.de\\\/?page_id=79#primaryimage\"},\"thumbnailUrl\":\"https:\\\/\\\/www.steuerbuero-goettingen.de\\\/wp-content\\\/uploads\\\/2020\\\/12\\\/betrieb_beratung.jpg\",\"datePublished\":\"2020-12-08T09:10:08+00:00\",\"dateModified\":\"2021-01-25T10:23:35+00:00\",\"breadcrumb\":{\"@id\":\"https:\\\/\\\/www.steuerbuero-goettingen.de\\\/?page_id=79#breadcrumb\"},\"inLanguage\":\"de\",\"potentialAction\":[{\"@type\":\"ReadAction\",\"target\":[\"https:\\\/\\\/www.steuerbuero-goettingen.de\\\/?page_id=79\"]}]},{\"@type\":\"ImageObject\",\"inLanguage\":\"de\",\"@id\":\"https:\\\/\\\/www.steuerbuero-goettingen.de\\\/?page_id=79#primaryimage\",\"url\":\"https:\\\/\\\/www.steuerbuero-goettingen.de\\\/wp-content\\\/uploads\\\/2020\\\/12\\\/betrieb_beratung.jpg\",\"contentUrl\":\"https:\\\/\\\/www.steuerbuero-goettingen.de\\\/wp-content\\\/uploads\\\/2020\\\/12\\\/betrieb_beratung.jpg\",\"width\":1200,\"height\":400},{\"@type\":\"BreadcrumbList\",\"@id\":\"https:\\\/\\\/www.steuerbuero-goettingen.de\\\/?page_id=79#breadcrumb\",\"itemListElement\":[{\"@type\":\"ListItem\",\"position\":1,\"name\":\"Startseite\",\"item\":\"https:\\\/\\\/www.steuerbuero-goettingen.de\\\/\"},{\"@type\":\"ListItem\",\"position\":2,\"name\":\"Steuerberater Dennis Schmidt\",\"item\":\"https:\\\/\\\/www.steuerbuero-goettingen.de\\\/\"},{\"@type\":\"ListItem\",\"position\":3,\"name\":\"Betriebswirtschaftliche Beratung\"}]},{\"@type\":\"WebSite\",\"@id\":\"https:\\\/\\\/www.steuerbuero-goettingen.de\\\/#website\",\"url\":\"https:\\\/\\\/www.steuerbuero-goettingen.de\\\/\",\"name\":\"Steuerberater Dennis Schmidt\",\"description\":\"Telefon 0551 - 522 06 0 \u00b7 info@steuerbuero-goettingen.de\",\"publisher\":{\"@id\":\"https:\\\/\\\/www.steuerbuero-goettingen.de\\\/#organization\"},\"potentialAction\":[{\"@type\":\"SearchAction\",\"target\":{\"@type\":\"EntryPoint\",\"urlTemplate\":\"https:\\\/\\\/www.steuerbuero-goettingen.de\\\/?s={search_term_string}\"},\"query-input\":{\"@type\":\"PropertyValueSpecification\",\"valueRequired\":true,\"valueName\":\"search_term_string\"}}],\"inLanguage\":\"de\"},{\"@type\":\"Organization\",\"@id\":\"https:\\\/\\\/www.steuerbuero-goettingen.de\\\/#organization\",\"name\":\"Steuerberater Dennis Schmidt\",\"url\":\"https:\\\/\\\/www.steuerbuero-goettingen.de\\\/\",\"logo\":{\"@type\":\"ImageObject\",\"inLanguage\":\"de\",\"@id\":\"https:\\\/\\\/www.steuerbuero-goettingen.de\\\/#\\\/schema\\\/logo\\\/image\\\/\",\"url\":\"https:\\\/\\\/www.steuerbuero-goettingen.de\\\/wp-content\\\/uploads\\\/2021\\\/01\\\/cropped-logo_x.png\",\"contentUrl\":\"https:\\\/\\\/www.steuerbuero-goettingen.de\\\/wp-content\\\/uploads\\\/2021\\\/01\\\/cropped-logo_x.png\",\"width\":60,\"height\":80,\"caption\":\"Steuerberater Dennis Schmidt\"},\"image\":{\"@id\":\"https:\\\/\\\/www.steuerbuero-goettingen.de\\\/#\\\/schema\\\/logo\\\/image\\\/\"}}]}<\/script>\n<!-- \/ Yoast SEO plugin. -->","yoast_head_json":{"title":"Betriebswirtschaftliche Beratung - Steuerberater Dennis Schmidt","robots":{"index":"index","follow":"follow","max-snippet":"max-snippet:-1","max-image-preview":"max-image-preview:large","max-video-preview":"max-video-preview:-1"},"canonical":"https:\/\/www.steuerbuero-goettingen.de\/?page_id=79","og_locale":"de_DE","og_type":"article","og_title":"Betriebswirtschaftliche Beratung - Steuerberater Dennis Schmidt","og_description":"Wer seine Arbeit nicht plant, arbeitet planlos. Wir erstellen gemeinsam mit Ihnen Planzahlen f\u00fcr die n\u00e4chsten Jahre. Planen Ihre Investitionen und stellen fest, ob Ihre weiterlesen...","og_url":"https:\/\/www.steuerbuero-goettingen.de\/?page_id=79","og_site_name":"Steuerberater Dennis Schmidt","article_modified_time":"2021-01-25T10:23:35+00:00","og_image":[{"width":1200,"height":400,"url":"https:\/\/www.steuerbuero-goettingen.de\/wp-content\/uploads\/2020\/12\/betrieb_beratung.jpg","type":"image\/jpeg"}],"twitter_card":"summary_large_image","schema":{"@context":"https:\/\/schema.org","@graph":[{"@type":"WebPage","@id":"https:\/\/www.steuerbuero-goettingen.de\/?page_id=79","url":"https:\/\/www.steuerbuero-goettingen.de\/?page_id=79","name":"Betriebswirtschaftliche Beratung - Steuerberater Dennis Schmidt","isPartOf":{"@id":"https:\/\/www.steuerbuero-goettingen.de\/#website"},"primaryImageOfPage":{"@id":"https:\/\/www.steuerbuero-goettingen.de\/?page_id=79#primaryimage"},"image":{"@id":"https:\/\/www.steuerbuero-goettingen.de\/?page_id=79#primaryimage"},"thumbnailUrl":"https:\/\/www.steuerbuero-goettingen.de\/wp-content\/uploads\/2020\/12\/betrieb_beratung.jpg","datePublished":"2020-12-08T09:10:08+00:00","dateModified":"2021-01-25T10:23:35+00:00","breadcrumb":{"@id":"https:\/\/www.steuerbuero-goettingen.de\/?page_id=79#breadcrumb"},"inLanguage":"de","potentialAction":[{"@type":"ReadAction","target":["https:\/\/www.steuerbuero-goettingen.de\/?page_id=79"]}]},{"@type":"ImageObject","inLanguage":"de","@id":"https:\/\/www.steuerbuero-goettingen.de\/?page_id=79#primaryimage","url":"https:\/\/www.steuerbuero-goettingen.de\/wp-content\/uploads\/2020\/12\/betrieb_beratung.jpg","contentUrl":"https:\/\/www.steuerbuero-goettingen.de\/wp-content\/uploads\/2020\/12\/betrieb_beratung.jpg","width":1200,"height":400},{"@type":"BreadcrumbList","@id":"https:\/\/www.steuerbuero-goettingen.de\/?page_id=79#breadcrumb","itemListElement":[{"@type":"ListItem","position":1,"name":"Startseite","item":"https:\/\/www.steuerbuero-goettingen.de\/"},{"@type":"ListItem","position":2,"name":"Steuerberater Dennis Schmidt","item":"https:\/\/www.steuerbuero-goettingen.de\/"},{"@type":"ListItem","position":3,"name":"Betriebswirtschaftliche Beratung"}]},{"@type":"WebSite","@id":"https:\/\/www.steuerbuero-goettingen.de\/#website","url":"https:\/\/www.steuerbuero-goettingen.de\/","name":"Steuerberater Dennis Schmidt","description":"Telefon 0551 - 522 06 0 \u00b7 info@steuerbuero-goettingen.de","publisher":{"@id":"https:\/\/www.steuerbuero-goettingen.de\/#organization"},"potentialAction":[{"@type":"SearchAction","target":{"@type":"EntryPoint","urlTemplate":"https:\/\/www.steuerbuero-goettingen.de\/?s={search_term_string}"},"query-input":{"@type":"PropertyValueSpecification","valueRequired":true,"valueName":"search_term_string"}}],"inLanguage":"de"},{"@type":"Organization","@id":"https:\/\/www.steuerbuero-goettingen.de\/#organization","name":"Steuerberater Dennis Schmidt","url":"https:\/\/www.steuerbuero-goettingen.de\/","logo":{"@type":"ImageObject","inLanguage":"de","@id":"https:\/\/www.steuerbuero-goettingen.de\/#\/schema\/logo\/image\/","url":"https:\/\/www.steuerbuero-goettingen.de\/wp-content\/uploads\/2021\/01\/cropped-logo_x.png","contentUrl":"https:\/\/www.steuerbuero-goettingen.de\/wp-content\/uploads\/2021\/01\/cropped-logo_x.png","width":60,"height":80,"caption":"Steuerberater Dennis Schmidt"},"image":{"@id":"https:\/\/www.steuerbuero-goettingen.de\/#\/schema\/logo\/image\/"}}]}},"_links":{"self":[{"href":"https:\/\/www.steuerbuero-goettingen.de\/index.php?rest_route=\/wp\/v2\/pages\/79","targetHints":{"allow":["GET"]}}],"collection":[{"href":"https:\/\/www.steuerbuero-goettingen.de\/index.php?rest_route=\/wp\/v2\/pages"}],"about":[{"href":"https:\/\/www.steuerbuero-goettingen.de\/index.php?rest_route=\/wp\/v2\/types\/page"}],"author":[{"embeddable":true,"href":"https:\/\/www.steuerbuero-goettingen.de\/index.php?rest_route=\/wp\/v2\/users\/2"}],"replies":[{"embeddable":true,"href":"https:\/\/www.steuerbuero-goettingen.de\/index.php?rest_route=%2Fwp%2Fv2%2Fcomments&post=79"}],"version-history":[{"count":5,"href":"https:\/\/www.steuerbuero-goettingen.de\/index.php?rest_route=\/wp\/v2\/pages\/79\/revisions"}],"predecessor-version":[{"id":360,"href":"https:\/\/www.steuerbuero-goettingen.de\/index.php?rest_route=\/wp\/v2\/pages\/79\/revisions\/360"}],"up":[{"embeddable":true,"href":"https:\/\/www.steuerbuero-goettingen.de\/index.php?rest_route=\/wp\/v2\/pages\/54"}],"wp:featuredmedia":[{"embeddable":true,"href":"https:\/\/www.steuerbuero-goettingen.de\/index.php?rest_route=\/wp\/v2\/media\/138"}],"wp:attachment":[{"href":"https:\/\/www.steuerbuero-goettingen.de\/index.php?rest_route=%2Fwp%2Fv2%2Fmedia&parent=79"}],"curies":[{"name":"wp","href":"https:\/\/api.w.org\/{rel}","templated":true}]}}