{"id":58,"date":"2020-12-07T12:30:21","date_gmt":"2020-12-07T11:30:21","guid":{"rendered":"http:\/\/www.steuerbuero-goettingen.de\/?page_id=58"},"modified":"2021-02-15T11:56:40","modified_gmt":"2021-02-15T10:56:40","slug":"unsere-philosophie","status":"publish","type":"page","link":"https:\/\/www.steuerbuero-goettingen.de\/?page_id=58","title":{"rendered":"Unsere Philosophie"},"content":{"rendered":"\n<p>F\u00fcr uns stehen Qualit\u00e4t und Service im Vordergrund. Hohe Qualit\u00e4t zu erbringen bedeutet Aufwand und der kostet Zeit und Geld. Wir bieten Ihnen Steuerberatung aus einer Hand und betrachten uns als Hausarzt in Finanzangelegenheiten. Wir stehen f\u00fcr einen offenen und respektvollen Umgang miteinander.<br>Wir sind nicht unfehlbar, sollte uns trotz hoher Standards und Kontrollen ein Fehler unterlaufen, sind wir auch hier ehrlich und offen. Sie haben Kritik oder Verbesserungsvorschl\u00e4ge? Wir freuen uns auf Ihre sachlichen Ausf\u00fchrungen. Wir wollen jeden Tag besser werden.<br>Wer billig sucht, wird keine Qualit\u00e4t finden. Sie suchen jemand zur Steuervermeidung auf den Caymaninseln oder Steuerhinterziehung? Dann suchen Sie nicht uns.<\/p>\n","protected":false},"excerpt":{"rendered":"<p>F\u00fcr uns stehen Qualit\u00e4t und Service im Vordergrund. Hohe Qualit\u00e4t zu erbringen bedeutet Aufwand und der kostet Zeit und Geld. Wir bieten Ihnen Steuerberatung aus <a class=\"more-link\" href=\"https:\/\/www.steuerbuero-goettingen.de\/?page_id=58\">weiterlesen&#8230;<\/a><\/p>\n","protected":false},"author":2,"featured_media":175,"parent":0,"menu_order":0,"comment_status":"closed","ping_status":"closed","template":"","meta":{"footnotes":""},"class_list":["post-58","page","type-page","status-publish","has-post-thumbnail","hentry"],"yoast_head":"<!-- This site is optimized with the Yoast SEO plugin v27.4 - https:\/\/yoast.com\/product\/yoast-seo-wordpress\/ -->\n<title>Unsere Philosophie - Steuerberater Dennis Schmidt<\/title>\n<meta name=\"robots\" content=\"index, follow, max-snippet:-1, max-image-preview:large, max-video-preview:-1\" \/>\n<link rel=\"canonical\" href=\"https:\/\/www.steuerbuero-goettingen.de\/?page_id=58\" \/>\n<meta property=\"og:locale\" content=\"de_DE\" \/>\n<meta property=\"og:type\" content=\"article\" \/>\n<meta property=\"og:title\" content=\"Unsere Philosophie - Steuerberater Dennis Schmidt\" \/>\n<meta property=\"og:description\" content=\"F\u00fcr uns stehen Qualit\u00e4t und Service im Vordergrund. Hohe Qualit\u00e4t zu erbringen bedeutet Aufwand und der kostet Zeit und Geld. Wir bieten Ihnen Steuerberatung aus weiterlesen...\" \/>\n<meta property=\"og:url\" content=\"https:\/\/www.steuerbuero-goettingen.de\/?page_id=58\" \/>\n<meta property=\"og:site_name\" content=\"Steuerberater Dennis Schmidt\" \/>\n<meta property=\"article:modified_time\" content=\"2021-02-15T10:56:40+00:00\" \/>\n<meta property=\"og:image\" content=\"https:\/\/www.steuerbuero-goettingen.de\/wp-content\/uploads\/2020\/12\/philosophie-6216.jpg\" \/>\n\t<meta property=\"og:image:width\" content=\"1200\" \/>\n\t<meta property=\"og:image:height\" content=\"400\" \/>\n\t<meta property=\"og:image:type\" content=\"image\/jpeg\" \/>\n<meta name=\"twitter:card\" content=\"summary_large_image\" \/>\n<meta name=\"twitter:label1\" content=\"Gesch\u00e4tzte Lesezeit\" \/>\n\t<meta name=\"twitter:data1\" content=\"1\u00a0Minute\" \/>\n<script type=\"application\/ld+json\" class=\"yoast-schema-graph\">{\"@context\":\"https:\\\/\\\/schema.org\",\"@graph\":[{\"@type\":\"WebPage\",\"@id\":\"https:\\\/\\\/www.steuerbuero-goettingen.de\\\/?page_id=58\",\"url\":\"https:\\\/\\\/www.steuerbuero-goettingen.de\\\/?page_id=58\",\"name\":\"Unsere Philosophie - Steuerberater Dennis Schmidt\",\"isPartOf\":{\"@id\":\"https:\\\/\\\/www.steuerbuero-goettingen.de\\\/#website\"},\"primaryImageOfPage\":{\"@id\":\"https:\\\/\\\/www.steuerbuero-goettingen.de\\\/?page_id=58#primaryimage\"},\"image\":{\"@id\":\"https:\\\/\\\/www.steuerbuero-goettingen.de\\\/?page_id=58#primaryimage\"},\"thumbnailUrl\":\"https:\\\/\\\/www.steuerbuero-goettingen.de\\\/wp-content\\\/uploads\\\/2020\\\/12\\\/philosophie-6216.jpg\",\"datePublished\":\"2020-12-07T11:30:21+00:00\",\"dateModified\":\"2021-02-15T10:56:40+00:00\",\"breadcrumb\":{\"@id\":\"https:\\\/\\\/www.steuerbuero-goettingen.de\\\/?page_id=58#breadcrumb\"},\"inLanguage\":\"de\",\"potentialAction\":[{\"@type\":\"ReadAction\",\"target\":[\"https:\\\/\\\/www.steuerbuero-goettingen.de\\\/?page_id=58\"]}]},{\"@type\":\"ImageObject\",\"inLanguage\":\"de\",\"@id\":\"https:\\\/\\\/www.steuerbuero-goettingen.de\\\/?page_id=58#primaryimage\",\"url\":\"https:\\\/\\\/www.steuerbuero-goettingen.de\\\/wp-content\\\/uploads\\\/2020\\\/12\\\/philosophie-6216.jpg\",\"contentUrl\":\"https:\\\/\\\/www.steuerbuero-goettingen.de\\\/wp-content\\\/uploads\\\/2020\\\/12\\\/philosophie-6216.jpg\",\"width\":1200,\"height\":400},{\"@type\":\"BreadcrumbList\",\"@id\":\"https:\\\/\\\/www.steuerbuero-goettingen.de\\\/?page_id=58#breadcrumb\",\"itemListElement\":[{\"@type\":\"ListItem\",\"position\":1,\"name\":\"Startseite\",\"item\":\"https:\\\/\\\/www.steuerbuero-goettingen.de\\\/\"},{\"@type\":\"ListItem\",\"position\":2,\"name\":\"Unsere Philosophie\"}]},{\"@type\":\"WebSite\",\"@id\":\"https:\\\/\\\/www.steuerbuero-goettingen.de\\\/#website\",\"url\":\"https:\\\/\\\/www.steuerbuero-goettingen.de\\\/\",\"name\":\"Steuerberater Dennis Schmidt\",\"description\":\"Telefon 0551 - 522 06 0 \u00b7 info@steuerbuero-goettingen.de\",\"publisher\":{\"@id\":\"https:\\\/\\\/www.steuerbuero-goettingen.de\\\/#organization\"},\"potentialAction\":[{\"@type\":\"SearchAction\",\"target\":{\"@type\":\"EntryPoint\",\"urlTemplate\":\"https:\\\/\\\/www.steuerbuero-goettingen.de\\\/?s={search_term_string}\"},\"query-input\":{\"@type\":\"PropertyValueSpecification\",\"valueRequired\":true,\"valueName\":\"search_term_string\"}}],\"inLanguage\":\"de\"},{\"@type\":\"Organization\",\"@id\":\"https:\\\/\\\/www.steuerbuero-goettingen.de\\\/#organization\",\"name\":\"Steuerberater Dennis Schmidt\",\"url\":\"https:\\\/\\\/www.steuerbuero-goettingen.de\\\/\",\"logo\":{\"@type\":\"ImageObject\",\"inLanguage\":\"de\",\"@id\":\"https:\\\/\\\/www.steuerbuero-goettingen.de\\\/#\\\/schema\\\/logo\\\/image\\\/\",\"url\":\"https:\\\/\\\/www.steuerbuero-goettingen.de\\\/wp-content\\\/uploads\\\/2021\\\/01\\\/cropped-logo_x.png\",\"contentUrl\":\"https:\\\/\\\/www.steuerbuero-goettingen.de\\\/wp-content\\\/uploads\\\/2021\\\/01\\\/cropped-logo_x.png\",\"width\":60,\"height\":80,\"caption\":\"Steuerberater Dennis Schmidt\"},\"image\":{\"@id\":\"https:\\\/\\\/www.steuerbuero-goettingen.de\\\/#\\\/schema\\\/logo\\\/image\\\/\"}}]}<\/script>\n<!-- \/ Yoast SEO plugin. -->","yoast_head_json":{"title":"Unsere Philosophie - Steuerberater Dennis Schmidt","robots":{"index":"index","follow":"follow","max-snippet":"max-snippet:-1","max-image-preview":"max-image-preview:large","max-video-preview":"max-video-preview:-1"},"canonical":"https:\/\/www.steuerbuero-goettingen.de\/?page_id=58","og_locale":"de_DE","og_type":"article","og_title":"Unsere Philosophie - Steuerberater Dennis Schmidt","og_description":"F\u00fcr uns stehen Qualit\u00e4t und Service im Vordergrund. Hohe Qualit\u00e4t zu erbringen bedeutet Aufwand und der kostet Zeit und Geld. Wir bieten Ihnen Steuerberatung aus weiterlesen...","og_url":"https:\/\/www.steuerbuero-goettingen.de\/?page_id=58","og_site_name":"Steuerberater Dennis Schmidt","article_modified_time":"2021-02-15T10:56:40+00:00","og_image":[{"width":1200,"height":400,"url":"https:\/\/www.steuerbuero-goettingen.de\/wp-content\/uploads\/2020\/12\/philosophie-6216.jpg","type":"image\/jpeg"}],"twitter_card":"summary_large_image","twitter_misc":{"Gesch\u00e4tzte Lesezeit":"1\u00a0Minute"},"schema":{"@context":"https:\/\/schema.org","@graph":[{"@type":"WebPage","@id":"https:\/\/www.steuerbuero-goettingen.de\/?page_id=58","url":"https:\/\/www.steuerbuero-goettingen.de\/?page_id=58","name":"Unsere Philosophie - Steuerberater Dennis Schmidt","isPartOf":{"@id":"https:\/\/www.steuerbuero-goettingen.de\/#website"},"primaryImageOfPage":{"@id":"https:\/\/www.steuerbuero-goettingen.de\/?page_id=58#primaryimage"},"image":{"@id":"https:\/\/www.steuerbuero-goettingen.de\/?page_id=58#primaryimage"},"thumbnailUrl":"https:\/\/www.steuerbuero-goettingen.de\/wp-content\/uploads\/2020\/12\/philosophie-6216.jpg","datePublished":"2020-12-07T11:30:21+00:00","dateModified":"2021-02-15T10:56:40+00:00","breadcrumb":{"@id":"https:\/\/www.steuerbuero-goettingen.de\/?page_id=58#breadcrumb"},"inLanguage":"de","potentialAction":[{"@type":"ReadAction","target":["https:\/\/www.steuerbuero-goettingen.de\/?page_id=58"]}]},{"@type":"ImageObject","inLanguage":"de","@id":"https:\/\/www.steuerbuero-goettingen.de\/?page_id=58#primaryimage","url":"https:\/\/www.steuerbuero-goettingen.de\/wp-content\/uploads\/2020\/12\/philosophie-6216.jpg","contentUrl":"https:\/\/www.steuerbuero-goettingen.de\/wp-content\/uploads\/2020\/12\/philosophie-6216.jpg","width":1200,"height":400},{"@type":"BreadcrumbList","@id":"https:\/\/www.steuerbuero-goettingen.de\/?page_id=58#breadcrumb","itemListElement":[{"@type":"ListItem","position":1,"name":"Startseite","item":"https:\/\/www.steuerbuero-goettingen.de\/"},{"@type":"ListItem","position":2,"name":"Unsere Philosophie"}]},{"@type":"WebSite","@id":"https:\/\/www.steuerbuero-goettingen.de\/#website","url":"https:\/\/www.steuerbuero-goettingen.de\/","name":"Steuerberater Dennis Schmidt","description":"Telefon 0551 - 522 06 0 \u00b7 info@steuerbuero-goettingen.de","publisher":{"@id":"https:\/\/www.steuerbuero-goettingen.de\/#organization"},"potentialAction":[{"@type":"SearchAction","target":{"@type":"EntryPoint","urlTemplate":"https:\/\/www.steuerbuero-goettingen.de\/?s={search_term_string}"},"query-input":{"@type":"PropertyValueSpecification","valueRequired":true,"valueName":"search_term_string"}}],"inLanguage":"de"},{"@type":"Organization","@id":"https:\/\/www.steuerbuero-goettingen.de\/#organization","name":"Steuerberater Dennis Schmidt","url":"https:\/\/www.steuerbuero-goettingen.de\/","logo":{"@type":"ImageObject","inLanguage":"de","@id":"https:\/\/www.steuerbuero-goettingen.de\/#\/schema\/logo\/image\/","url":"https:\/\/www.steuerbuero-goettingen.de\/wp-content\/uploads\/2021\/01\/cropped-logo_x.png","contentUrl":"https:\/\/www.steuerbuero-goettingen.de\/wp-content\/uploads\/2021\/01\/cropped-logo_x.png","width":60,"height":80,"caption":"Steuerberater Dennis Schmidt"},"image":{"@id":"https:\/\/www.steuerbuero-goettingen.de\/#\/schema\/logo\/image\/"}}]}},"_links":{"self":[{"href":"https:\/\/www.steuerbuero-goettingen.de\/index.php?rest_route=\/wp\/v2\/pages\/58","targetHints":{"allow":["GET"]}}],"collection":[{"href":"https:\/\/www.steuerbuero-goettingen.de\/index.php?rest_route=\/wp\/v2\/pages"}],"about":[{"href":"https:\/\/www.steuerbuero-goettingen.de\/index.php?rest_route=\/wp\/v2\/types\/page"}],"author":[{"embeddable":true,"href":"https:\/\/www.steuerbuero-goettingen.de\/index.php?rest_route=\/wp\/v2\/users\/2"}],"replies":[{"embeddable":true,"href":"https:\/\/www.steuerbuero-goettingen.de\/index.php?rest_route=%2Fwp%2Fv2%2Fcomments&post=58"}],"version-history":[{"count":5,"href":"https:\/\/www.steuerbuero-goettingen.de\/index.php?rest_route=\/wp\/v2\/pages\/58\/revisions"}],"predecessor-version":[{"id":447,"href":"https:\/\/www.steuerbuero-goettingen.de\/index.php?rest_route=\/wp\/v2\/pages\/58\/revisions\/447"}],"wp:featuredmedia":[{"embeddable":true,"href":"https:\/\/www.steuerbuero-goettingen.de\/index.php?rest_route=\/wp\/v2\/media\/175"}],"wp:attachment":[{"href":"https:\/\/www.steuerbuero-goettingen.de\/index.php?rest_route=%2Fwp%2Fv2%2Fmedia&parent=58"}],"curies":[{"name":"wp","href":"https:\/\/api.w.org\/{rel}","templated":true}]}}