{"id":218,"date":"2020-12-16T09:37:48","date_gmt":"2020-12-16T08:37:48","guid":{"rendered":"http:\/\/www.steuerbuero-goettingen.de\/?page_id=218"},"modified":"2021-02-11T14:55:53","modified_gmt":"2021-02-11T13:55:53","slug":"einkommensteuer","status":"publish","type":"page","link":"https:\/\/www.steuerbuero-goettingen.de\/?page_id=218","title":{"rendered":"Einkommensteuer"},"content":{"rendered":"\n<p>Wir erstellen Ihre Einkommensteuererkl\u00e4rung und reichen diese f\u00fcr Sie beim Finanzamt ein. Eventuelle R\u00fcckfragen des Finanzamt werden von uns gekl\u00e4rt. Sie wissen oft nicht, was das Finanzamt von Ihnen will? Wir \u00fcbersetzen das Beamtendeutsch, und erkl\u00e4ren Ihnen wieso das Finanzamt nachfragt und welche Konsequenzen sich daraus ergeben k\u00f6nnen.<br>Das Finanzamt macht keine Fehler? Auch beim Finanzamt arbeiten Menschen. Wir pr\u00fcfen Ihren Einkommensteuerbescheid und legen falls n\u00f6tig Einspruch ein.<br>Sie planen ein Haus oder eine Wohnung zu vermieten? Dann sprechen Sie uns an. Wir erkl\u00e4ren Ihnen die steuerliche Seite und zeigen Ihnen bereits vor dem Kauf vorauf Sie achten sollten um m\u00f6glichst wenig Steuern zu zahlen.<\/p>\n\n\n\n<ul class=\"wp-block-list\"><li>Einkommensteuererkl\u00e4rung<\/li><li>Beratung bei der Wahl der Lohnsteuerklassen<\/li><li>Anpassung der Einkommensteuervorauszahlungen<\/li><li>Internationale Eink\u00fcnfte (Vermeidung von Doppelbesteuerung)<\/li><li>Pr\u00fcfung und Korrektur von Steuerbescheiden<\/li><li>Vertretung im au\u00dfergerichtlichen Rechtsbehelfsverfahren<\/li><\/ul>\n\n\n\n<p><\/p>\n","protected":false},"excerpt":{"rendered":"<p>Wir erstellen Ihre Einkommensteuererkl\u00e4rung und reichen diese f\u00fcr Sie beim Finanzamt ein. Eventuelle R\u00fcckfragen des Finanzamt werden von uns gekl\u00e4rt. Sie wissen oft nicht, was <a class=\"more-link\" href=\"https:\/\/www.steuerbuero-goettingen.de\/?page_id=218\">weiterlesen&#8230;<\/a><\/p>\n","protected":false},"author":3,"featured_media":235,"parent":0,"menu_order":0,"comment_status":"closed","ping_status":"closed","template":"","meta":{"footnotes":""},"class_list":["post-218","page","type-page","status-publish","has-post-thumbnail","hentry"],"yoast_head":"<!-- This site is optimized with the Yoast SEO plugin v27.5 - https:\/\/yoast.com\/product\/yoast-seo-wordpress\/ -->\n<title>Einkommensteuer - Steuerberater Dennis Schmidt<\/title>\n<meta name=\"robots\" content=\"index, follow, max-snippet:-1, max-image-preview:large, max-video-preview:-1\" \/>\n<link rel=\"canonical\" href=\"https:\/\/www.steuerbuero-goettingen.de\/?page_id=218\" \/>\n<meta property=\"og:locale\" content=\"de_DE\" \/>\n<meta property=\"og:type\" content=\"article\" \/>\n<meta property=\"og:title\" content=\"Einkommensteuer - Steuerberater Dennis Schmidt\" \/>\n<meta property=\"og:description\" content=\"Wir erstellen Ihre Einkommensteuererkl\u00e4rung und reichen diese f\u00fcr Sie beim Finanzamt ein. Eventuelle R\u00fcckfragen des Finanzamt werden von uns gekl\u00e4rt. Sie wissen oft nicht, was weiterlesen...\" \/>\n<meta property=\"og:url\" content=\"https:\/\/www.steuerbuero-goettingen.de\/?page_id=218\" \/>\n<meta property=\"og:site_name\" content=\"Steuerberater Dennis Schmidt\" \/>\n<meta property=\"article:modified_time\" content=\"2021-02-11T13:55:53+00:00\" \/>\n<meta property=\"og:image\" content=\"https:\/\/www.steuerbuero-goettingen.de\/wp-content\/uploads\/2020\/12\/e_steuer.jpg\" \/>\n\t<meta property=\"og:image:width\" content=\"1200\" \/>\n\t<meta property=\"og:image:height\" content=\"400\" \/>\n\t<meta property=\"og:image:type\" content=\"image\/jpeg\" \/>\n<meta name=\"twitter:card\" content=\"summary_large_image\" \/>\n<meta name=\"twitter:label1\" content=\"Gesch\u00e4tzte Lesezeit\" \/>\n\t<meta name=\"twitter:data1\" content=\"1\u00a0Minute\" \/>\n<script type=\"application\/ld+json\" class=\"yoast-schema-graph\">{\"@context\":\"https:\\\/\\\/schema.org\",\"@graph\":[{\"@type\":\"WebPage\",\"@id\":\"https:\\\/\\\/www.steuerbuero-goettingen.de\\\/?page_id=218\",\"url\":\"https:\\\/\\\/www.steuerbuero-goettingen.de\\\/?page_id=218\",\"name\":\"Einkommensteuer - Steuerberater Dennis Schmidt\",\"isPartOf\":{\"@id\":\"https:\\\/\\\/www.steuerbuero-goettingen.de\\\/#website\"},\"primaryImageOfPage\":{\"@id\":\"https:\\\/\\\/www.steuerbuero-goettingen.de\\\/?page_id=218#primaryimage\"},\"image\":{\"@id\":\"https:\\\/\\\/www.steuerbuero-goettingen.de\\\/?page_id=218#primaryimage\"},\"thumbnailUrl\":\"https:\\\/\\\/www.steuerbuero-goettingen.de\\\/wp-content\\\/uploads\\\/2020\\\/12\\\/e_steuer.jpg\",\"datePublished\":\"2020-12-16T08:37:48+00:00\",\"dateModified\":\"2021-02-11T13:55:53+00:00\",\"breadcrumb\":{\"@id\":\"https:\\\/\\\/www.steuerbuero-goettingen.de\\\/?page_id=218#breadcrumb\"},\"inLanguage\":\"de\",\"potentialAction\":[{\"@type\":\"ReadAction\",\"target\":[\"https:\\\/\\\/www.steuerbuero-goettingen.de\\\/?page_id=218\"]}]},{\"@type\":\"ImageObject\",\"inLanguage\":\"de\",\"@id\":\"https:\\\/\\\/www.steuerbuero-goettingen.de\\\/?page_id=218#primaryimage\",\"url\":\"https:\\\/\\\/www.steuerbuero-goettingen.de\\\/wp-content\\\/uploads\\\/2020\\\/12\\\/e_steuer.jpg\",\"contentUrl\":\"https:\\\/\\\/www.steuerbuero-goettingen.de\\\/wp-content\\\/uploads\\\/2020\\\/12\\\/e_steuer.jpg\",\"width\":1200,\"height\":400},{\"@type\":\"BreadcrumbList\",\"@id\":\"https:\\\/\\\/www.steuerbuero-goettingen.de\\\/?page_id=218#breadcrumb\",\"itemListElement\":[{\"@type\":\"ListItem\",\"position\":1,\"name\":\"Startseite\",\"item\":\"https:\\\/\\\/www.steuerbuero-goettingen.de\\\/\"},{\"@type\":\"ListItem\",\"position\":2,\"name\":\"Einkommensteuer\"}]},{\"@type\":\"WebSite\",\"@id\":\"https:\\\/\\\/www.steuerbuero-goettingen.de\\\/#website\",\"url\":\"https:\\\/\\\/www.steuerbuero-goettingen.de\\\/\",\"name\":\"Steuerberater Dennis Schmidt\",\"description\":\"Telefon 0551 - 522 06 0 \u00b7 info@steuerbuero-goettingen.de\",\"publisher\":{\"@id\":\"https:\\\/\\\/www.steuerbuero-goettingen.de\\\/#organization\"},\"potentialAction\":[{\"@type\":\"SearchAction\",\"target\":{\"@type\":\"EntryPoint\",\"urlTemplate\":\"https:\\\/\\\/www.steuerbuero-goettingen.de\\\/?s={search_term_string}\"},\"query-input\":{\"@type\":\"PropertyValueSpecification\",\"valueRequired\":true,\"valueName\":\"search_term_string\"}}],\"inLanguage\":\"de\"},{\"@type\":\"Organization\",\"@id\":\"https:\\\/\\\/www.steuerbuero-goettingen.de\\\/#organization\",\"name\":\"Steuerberater Dennis Schmidt\",\"url\":\"https:\\\/\\\/www.steuerbuero-goettingen.de\\\/\",\"logo\":{\"@type\":\"ImageObject\",\"inLanguage\":\"de\",\"@id\":\"https:\\\/\\\/www.steuerbuero-goettingen.de\\\/#\\\/schema\\\/logo\\\/image\\\/\",\"url\":\"https:\\\/\\\/www.steuerbuero-goettingen.de\\\/wp-content\\\/uploads\\\/2021\\\/01\\\/cropped-logo_x.png\",\"contentUrl\":\"https:\\\/\\\/www.steuerbuero-goettingen.de\\\/wp-content\\\/uploads\\\/2021\\\/01\\\/cropped-logo_x.png\",\"width\":60,\"height\":80,\"caption\":\"Steuerberater Dennis Schmidt\"},\"image\":{\"@id\":\"https:\\\/\\\/www.steuerbuero-goettingen.de\\\/#\\\/schema\\\/logo\\\/image\\\/\"}}]}<\/script>\n<!-- \/ Yoast SEO plugin. -->","yoast_head_json":{"title":"Einkommensteuer - Steuerberater Dennis Schmidt","robots":{"index":"index","follow":"follow","max-snippet":"max-snippet:-1","max-image-preview":"max-image-preview:large","max-video-preview":"max-video-preview:-1"},"canonical":"https:\/\/www.steuerbuero-goettingen.de\/?page_id=218","og_locale":"de_DE","og_type":"article","og_title":"Einkommensteuer - Steuerberater Dennis Schmidt","og_description":"Wir erstellen Ihre Einkommensteuererkl\u00e4rung und reichen diese f\u00fcr Sie beim Finanzamt ein. Eventuelle R\u00fcckfragen des Finanzamt werden von uns gekl\u00e4rt. Sie wissen oft nicht, was weiterlesen...","og_url":"https:\/\/www.steuerbuero-goettingen.de\/?page_id=218","og_site_name":"Steuerberater Dennis Schmidt","article_modified_time":"2021-02-11T13:55:53+00:00","og_image":[{"width":1200,"height":400,"url":"https:\/\/www.steuerbuero-goettingen.de\/wp-content\/uploads\/2020\/12\/e_steuer.jpg","type":"image\/jpeg"}],"twitter_card":"summary_large_image","twitter_misc":{"Gesch\u00e4tzte Lesezeit":"1\u00a0Minute"},"schema":{"@context":"https:\/\/schema.org","@graph":[{"@type":"WebPage","@id":"https:\/\/www.steuerbuero-goettingen.de\/?page_id=218","url":"https:\/\/www.steuerbuero-goettingen.de\/?page_id=218","name":"Einkommensteuer - Steuerberater Dennis Schmidt","isPartOf":{"@id":"https:\/\/www.steuerbuero-goettingen.de\/#website"},"primaryImageOfPage":{"@id":"https:\/\/www.steuerbuero-goettingen.de\/?page_id=218#primaryimage"},"image":{"@id":"https:\/\/www.steuerbuero-goettingen.de\/?page_id=218#primaryimage"},"thumbnailUrl":"https:\/\/www.steuerbuero-goettingen.de\/wp-content\/uploads\/2020\/12\/e_steuer.jpg","datePublished":"2020-12-16T08:37:48+00:00","dateModified":"2021-02-11T13:55:53+00:00","breadcrumb":{"@id":"https:\/\/www.steuerbuero-goettingen.de\/?page_id=218#breadcrumb"},"inLanguage":"de","potentialAction":[{"@type":"ReadAction","target":["https:\/\/www.steuerbuero-goettingen.de\/?page_id=218"]}]},{"@type":"ImageObject","inLanguage":"de","@id":"https:\/\/www.steuerbuero-goettingen.de\/?page_id=218#primaryimage","url":"https:\/\/www.steuerbuero-goettingen.de\/wp-content\/uploads\/2020\/12\/e_steuer.jpg","contentUrl":"https:\/\/www.steuerbuero-goettingen.de\/wp-content\/uploads\/2020\/12\/e_steuer.jpg","width":1200,"height":400},{"@type":"BreadcrumbList","@id":"https:\/\/www.steuerbuero-goettingen.de\/?page_id=218#breadcrumb","itemListElement":[{"@type":"ListItem","position":1,"name":"Startseite","item":"https:\/\/www.steuerbuero-goettingen.de\/"},{"@type":"ListItem","position":2,"name":"Einkommensteuer"}]},{"@type":"WebSite","@id":"https:\/\/www.steuerbuero-goettingen.de\/#website","url":"https:\/\/www.steuerbuero-goettingen.de\/","name":"Steuerberater Dennis Schmidt","description":"Telefon 0551 - 522 06 0 \u00b7 info@steuerbuero-goettingen.de","publisher":{"@id":"https:\/\/www.steuerbuero-goettingen.de\/#organization"},"potentialAction":[{"@type":"SearchAction","target":{"@type":"EntryPoint","urlTemplate":"https:\/\/www.steuerbuero-goettingen.de\/?s={search_term_string}"},"query-input":{"@type":"PropertyValueSpecification","valueRequired":true,"valueName":"search_term_string"}}],"inLanguage":"de"},{"@type":"Organization","@id":"https:\/\/www.steuerbuero-goettingen.de\/#organization","name":"Steuerberater Dennis Schmidt","url":"https:\/\/www.steuerbuero-goettingen.de\/","logo":{"@type":"ImageObject","inLanguage":"de","@id":"https:\/\/www.steuerbuero-goettingen.de\/#\/schema\/logo\/image\/","url":"https:\/\/www.steuerbuero-goettingen.de\/wp-content\/uploads\/2021\/01\/cropped-logo_x.png","contentUrl":"https:\/\/www.steuerbuero-goettingen.de\/wp-content\/uploads\/2021\/01\/cropped-logo_x.png","width":60,"height":80,"caption":"Steuerberater Dennis Schmidt"},"image":{"@id":"https:\/\/www.steuerbuero-goettingen.de\/#\/schema\/logo\/image\/"}}]}},"_links":{"self":[{"href":"https:\/\/www.steuerbuero-goettingen.de\/index.php?rest_route=\/wp\/v2\/pages\/218","targetHints":{"allow":["GET"]}}],"collection":[{"href":"https:\/\/www.steuerbuero-goettingen.de\/index.php?rest_route=\/wp\/v2\/pages"}],"about":[{"href":"https:\/\/www.steuerbuero-goettingen.de\/index.php?rest_route=\/wp\/v2\/types\/page"}],"author":[{"embeddable":true,"href":"https:\/\/www.steuerbuero-goettingen.de\/index.php?rest_route=\/wp\/v2\/users\/3"}],"replies":[{"embeddable":true,"href":"https:\/\/www.steuerbuero-goettingen.de\/index.php?rest_route=%2Fwp%2Fv2%2Fcomments&post=218"}],"version-history":[{"count":5,"href":"https:\/\/www.steuerbuero-goettingen.de\/index.php?rest_route=\/wp\/v2\/pages\/218\/revisions"}],"predecessor-version":[{"id":411,"href":"https:\/\/www.steuerbuero-goettingen.de\/index.php?rest_route=\/wp\/v2\/pages\/218\/revisions\/411"}],"wp:featuredmedia":[{"embeddable":true,"href":"https:\/\/www.steuerbuero-goettingen.de\/index.php?rest_route=\/wp\/v2\/media\/235"}],"wp:attachment":[{"href":"https:\/\/www.steuerbuero-goettingen.de\/index.php?rest_route=%2Fwp%2Fv2%2Fmedia&parent=218"}],"curies":[{"name":"wp","href":"https:\/\/api.w.org\/{rel}","templated":true}]}}