{"id":116,"date":"2020-12-08T11:06:57","date_gmt":"2020-12-08T10:06:57","guid":{"rendered":"http:\/\/www.steuerbuero-goettingen.de\/?page_id=116"},"modified":"2021-02-11T14:56:27","modified_gmt":"2021-02-11T13:56:27","slug":"jahresabschluesse","status":"publish","type":"page","link":"https:\/\/www.steuerbuero-goettingen.de\/?page_id=116","title":{"rendered":"Jahresabschluss | Bilanz"},"content":{"rendered":"\n<p>Egal ob kleine nebenberufliche T\u00e4tigkeit oder gro\u00dfe Firma, f\u00fcr jedes Jahr \/ Wirtschaftsjahr muss ein Jahresabschluss erstellt werden. Die Gewinnermittlung nach \u00a7 4 Absatz 3 Einkommensteuergesetz oder handelsrechtlicher Jahresabschluss wird von uns mit gr\u00f6\u00dfter Sorgfalt erstellt. Die unterschiedlichen Vorschriften sind selten leicht verst\u00e4ndlich.<br>Wir besprechen mit Ihnen die jeweiligen Regelungen und welche Auswirkungen dies auf Sie und Ihre Firma hat. Unser Ziel ist, dass Sie wissen und verstehen, was in Ihrem Jahresabschluss steht. Durch dieses Verst\u00e4ndnis entsteht Vertrauen und Vertrauen ist die Basis jeder guten Zusammenarbeit.<br>Sie k\u00f6nnen in Gespr\u00e4chen mit Kunden, Lieferanten oder Banken sicher auftreten, weil Sie den vollen \u00dcberblick haben.<\/p>\n\n\n\n<ul class=\"wp-block-list\"><li>Gewinnermittlungen nach \u00a7 4 Absatz 3 Einkommensteuergesetz (EStG)<\/li><li>Jahresabschl\u00fcsse<ul><li>nach Handelsrecht<\/li><li>nach Steuerrecht<\/li><\/ul><\/li><li>Bericht \u00fcber die Erstellung des Jahresabschlusses<\/li><li>E-Bilanz (erforderlich zur elektronischen \u00dcbermittlung an das Finanzamt)<\/li><li>Offenlegung (bei Kapitalgesellschaften erforderlich)<\/li><li>Digitaler Finanzbericht f\u00fcr die Banken bei Offenlegung<\/li><\/ul>\n","protected":false},"excerpt":{"rendered":"<p>Egal ob kleine nebenberufliche T\u00e4tigkeit oder gro\u00dfe Firma, f\u00fcr jedes Jahr \/ Wirtschaftsjahr muss ein Jahresabschluss erstellt werden. Die Gewinnermittlung nach \u00a7 4 Absatz 3 <a class=\"more-link\" href=\"https:\/\/www.steuerbuero-goettingen.de\/?page_id=116\">weiterlesen&#8230;<\/a><\/p>\n","protected":false},"author":2,"featured_media":174,"parent":0,"menu_order":0,"comment_status":"closed","ping_status":"closed","template":"","meta":{"footnotes":""},"class_list":["post-116","page","type-page","status-publish","has-post-thumbnail","hentry"],"yoast_head":"<!-- This site is optimized with the Yoast SEO plugin v27.5 - https:\/\/yoast.com\/product\/yoast-seo-wordpress\/ -->\n<title>Jahresabschluss | Bilanz - Steuerberater Dennis Schmidt<\/title>\n<meta name=\"robots\" content=\"index, follow, max-snippet:-1, max-image-preview:large, max-video-preview:-1\" \/>\n<link rel=\"canonical\" href=\"https:\/\/www.steuerbuero-goettingen.de\/?page_id=116\" \/>\n<meta property=\"og:locale\" content=\"de_DE\" \/>\n<meta property=\"og:type\" content=\"article\" \/>\n<meta property=\"og:title\" content=\"Jahresabschluss | Bilanz - Steuerberater Dennis Schmidt\" \/>\n<meta property=\"og:description\" content=\"Egal ob kleine nebenberufliche T\u00e4tigkeit oder gro\u00dfe Firma, f\u00fcr jedes Jahr \/ Wirtschaftsjahr muss ein Jahresabschluss erstellt werden. Die Gewinnermittlung nach \u00a7 4 Absatz 3 weiterlesen...\" \/>\n<meta property=\"og:url\" content=\"https:\/\/www.steuerbuero-goettingen.de\/?page_id=116\" \/>\n<meta property=\"og:site_name\" content=\"Steuerberater Dennis Schmidt\" \/>\n<meta property=\"article:modified_time\" content=\"2021-02-11T13:56:27+00:00\" \/>\n<meta property=\"og:image\" content=\"https:\/\/www.steuerbuero-goettingen.de\/wp-content\/uploads\/2020\/12\/jahresabschluss-8556.jpg\" \/>\n\t<meta property=\"og:image:width\" content=\"1200\" \/>\n\t<meta property=\"og:image:height\" content=\"400\" \/>\n\t<meta property=\"og:image:type\" content=\"image\/jpeg\" \/>\n<meta name=\"twitter:card\" content=\"summary_large_image\" \/>\n<meta name=\"twitter:label1\" content=\"Gesch\u00e4tzte Lesezeit\" \/>\n\t<meta name=\"twitter:data1\" content=\"1\u00a0Minute\" \/>\n<script type=\"application\/ld+json\" class=\"yoast-schema-graph\">{\"@context\":\"https:\\\/\\\/schema.org\",\"@graph\":[{\"@type\":\"WebPage\",\"@id\":\"https:\\\/\\\/www.steuerbuero-goettingen.de\\\/?page_id=116\",\"url\":\"https:\\\/\\\/www.steuerbuero-goettingen.de\\\/?page_id=116\",\"name\":\"Jahresabschluss | Bilanz - Steuerberater Dennis Schmidt\",\"isPartOf\":{\"@id\":\"https:\\\/\\\/www.steuerbuero-goettingen.de\\\/#website\"},\"primaryImageOfPage\":{\"@id\":\"https:\\\/\\\/www.steuerbuero-goettingen.de\\\/?page_id=116#primaryimage\"},\"image\":{\"@id\":\"https:\\\/\\\/www.steuerbuero-goettingen.de\\\/?page_id=116#primaryimage\"},\"thumbnailUrl\":\"https:\\\/\\\/www.steuerbuero-goettingen.de\\\/wp-content\\\/uploads\\\/2020\\\/12\\\/jahresabschluss-8556.jpg\",\"datePublished\":\"2020-12-08T10:06:57+00:00\",\"dateModified\":\"2021-02-11T13:56:27+00:00\",\"breadcrumb\":{\"@id\":\"https:\\\/\\\/www.steuerbuero-goettingen.de\\\/?page_id=116#breadcrumb\"},\"inLanguage\":\"de\",\"potentialAction\":[{\"@type\":\"ReadAction\",\"target\":[\"https:\\\/\\\/www.steuerbuero-goettingen.de\\\/?page_id=116\"]}]},{\"@type\":\"ImageObject\",\"inLanguage\":\"de\",\"@id\":\"https:\\\/\\\/www.steuerbuero-goettingen.de\\\/?page_id=116#primaryimage\",\"url\":\"https:\\\/\\\/www.steuerbuero-goettingen.de\\\/wp-content\\\/uploads\\\/2020\\\/12\\\/jahresabschluss-8556.jpg\",\"contentUrl\":\"https:\\\/\\\/www.steuerbuero-goettingen.de\\\/wp-content\\\/uploads\\\/2020\\\/12\\\/jahresabschluss-8556.jpg\",\"width\":1200,\"height\":400},{\"@type\":\"BreadcrumbList\",\"@id\":\"https:\\\/\\\/www.steuerbuero-goettingen.de\\\/?page_id=116#breadcrumb\",\"itemListElement\":[{\"@type\":\"ListItem\",\"position\":1,\"name\":\"Startseite\",\"item\":\"https:\\\/\\\/www.steuerbuero-goettingen.de\\\/\"},{\"@type\":\"ListItem\",\"position\":2,\"name\":\"Jahresabschluss | Bilanz\"}]},{\"@type\":\"WebSite\",\"@id\":\"https:\\\/\\\/www.steuerbuero-goettingen.de\\\/#website\",\"url\":\"https:\\\/\\\/www.steuerbuero-goettingen.de\\\/\",\"name\":\"Steuerberater Dennis Schmidt\",\"description\":\"Telefon 0551 - 522 06 0 \u00b7 info@steuerbuero-goettingen.de\",\"publisher\":{\"@id\":\"https:\\\/\\\/www.steuerbuero-goettingen.de\\\/#organization\"},\"potentialAction\":[{\"@type\":\"SearchAction\",\"target\":{\"@type\":\"EntryPoint\",\"urlTemplate\":\"https:\\\/\\\/www.steuerbuero-goettingen.de\\\/?s={search_term_string}\"},\"query-input\":{\"@type\":\"PropertyValueSpecification\",\"valueRequired\":true,\"valueName\":\"search_term_string\"}}],\"inLanguage\":\"de\"},{\"@type\":\"Organization\",\"@id\":\"https:\\\/\\\/www.steuerbuero-goettingen.de\\\/#organization\",\"name\":\"Steuerberater Dennis Schmidt\",\"url\":\"https:\\\/\\\/www.steuerbuero-goettingen.de\\\/\",\"logo\":{\"@type\":\"ImageObject\",\"inLanguage\":\"de\",\"@id\":\"https:\\\/\\\/www.steuerbuero-goettingen.de\\\/#\\\/schema\\\/logo\\\/image\\\/\",\"url\":\"https:\\\/\\\/www.steuerbuero-goettingen.de\\\/wp-content\\\/uploads\\\/2021\\\/01\\\/cropped-logo_x.png\",\"contentUrl\":\"https:\\\/\\\/www.steuerbuero-goettingen.de\\\/wp-content\\\/uploads\\\/2021\\\/01\\\/cropped-logo_x.png\",\"width\":60,\"height\":80,\"caption\":\"Steuerberater Dennis Schmidt\"},\"image\":{\"@id\":\"https:\\\/\\\/www.steuerbuero-goettingen.de\\\/#\\\/schema\\\/logo\\\/image\\\/\"}}]}<\/script>\n<!-- \/ Yoast SEO plugin. -->","yoast_head_json":{"title":"Jahresabschluss | Bilanz - Steuerberater Dennis Schmidt","robots":{"index":"index","follow":"follow","max-snippet":"max-snippet:-1","max-image-preview":"max-image-preview:large","max-video-preview":"max-video-preview:-1"},"canonical":"https:\/\/www.steuerbuero-goettingen.de\/?page_id=116","og_locale":"de_DE","og_type":"article","og_title":"Jahresabschluss | Bilanz - Steuerberater Dennis Schmidt","og_description":"Egal ob kleine nebenberufliche T\u00e4tigkeit oder gro\u00dfe Firma, f\u00fcr jedes Jahr \/ Wirtschaftsjahr muss ein Jahresabschluss erstellt werden. Die Gewinnermittlung nach \u00a7 4 Absatz 3 weiterlesen...","og_url":"https:\/\/www.steuerbuero-goettingen.de\/?page_id=116","og_site_name":"Steuerberater Dennis Schmidt","article_modified_time":"2021-02-11T13:56:27+00:00","og_image":[{"width":1200,"height":400,"url":"https:\/\/www.steuerbuero-goettingen.de\/wp-content\/uploads\/2020\/12\/jahresabschluss-8556.jpg","type":"image\/jpeg"}],"twitter_card":"summary_large_image","twitter_misc":{"Gesch\u00e4tzte Lesezeit":"1\u00a0Minute"},"schema":{"@context":"https:\/\/schema.org","@graph":[{"@type":"WebPage","@id":"https:\/\/www.steuerbuero-goettingen.de\/?page_id=116","url":"https:\/\/www.steuerbuero-goettingen.de\/?page_id=116","name":"Jahresabschluss | Bilanz - Steuerberater Dennis Schmidt","isPartOf":{"@id":"https:\/\/www.steuerbuero-goettingen.de\/#website"},"primaryImageOfPage":{"@id":"https:\/\/www.steuerbuero-goettingen.de\/?page_id=116#primaryimage"},"image":{"@id":"https:\/\/www.steuerbuero-goettingen.de\/?page_id=116#primaryimage"},"thumbnailUrl":"https:\/\/www.steuerbuero-goettingen.de\/wp-content\/uploads\/2020\/12\/jahresabschluss-8556.jpg","datePublished":"2020-12-08T10:06:57+00:00","dateModified":"2021-02-11T13:56:27+00:00","breadcrumb":{"@id":"https:\/\/www.steuerbuero-goettingen.de\/?page_id=116#breadcrumb"},"inLanguage":"de","potentialAction":[{"@type":"ReadAction","target":["https:\/\/www.steuerbuero-goettingen.de\/?page_id=116"]}]},{"@type":"ImageObject","inLanguage":"de","@id":"https:\/\/www.steuerbuero-goettingen.de\/?page_id=116#primaryimage","url":"https:\/\/www.steuerbuero-goettingen.de\/wp-content\/uploads\/2020\/12\/jahresabschluss-8556.jpg","contentUrl":"https:\/\/www.steuerbuero-goettingen.de\/wp-content\/uploads\/2020\/12\/jahresabschluss-8556.jpg","width":1200,"height":400},{"@type":"BreadcrumbList","@id":"https:\/\/www.steuerbuero-goettingen.de\/?page_id=116#breadcrumb","itemListElement":[{"@type":"ListItem","position":1,"name":"Startseite","item":"https:\/\/www.steuerbuero-goettingen.de\/"},{"@type":"ListItem","position":2,"name":"Jahresabschluss | Bilanz"}]},{"@type":"WebSite","@id":"https:\/\/www.steuerbuero-goettingen.de\/#website","url":"https:\/\/www.steuerbuero-goettingen.de\/","name":"Steuerberater Dennis Schmidt","description":"Telefon 0551 - 522 06 0 \u00b7 info@steuerbuero-goettingen.de","publisher":{"@id":"https:\/\/www.steuerbuero-goettingen.de\/#organization"},"potentialAction":[{"@type":"SearchAction","target":{"@type":"EntryPoint","urlTemplate":"https:\/\/www.steuerbuero-goettingen.de\/?s={search_term_string}"},"query-input":{"@type":"PropertyValueSpecification","valueRequired":true,"valueName":"search_term_string"}}],"inLanguage":"de"},{"@type":"Organization","@id":"https:\/\/www.steuerbuero-goettingen.de\/#organization","name":"Steuerberater Dennis Schmidt","url":"https:\/\/www.steuerbuero-goettingen.de\/","logo":{"@type":"ImageObject","inLanguage":"de","@id":"https:\/\/www.steuerbuero-goettingen.de\/#\/schema\/logo\/image\/","url":"https:\/\/www.steuerbuero-goettingen.de\/wp-content\/uploads\/2021\/01\/cropped-logo_x.png","contentUrl":"https:\/\/www.steuerbuero-goettingen.de\/wp-content\/uploads\/2021\/01\/cropped-logo_x.png","width":60,"height":80,"caption":"Steuerberater Dennis Schmidt"},"image":{"@id":"https:\/\/www.steuerbuero-goettingen.de\/#\/schema\/logo\/image\/"}}]}},"_links":{"self":[{"href":"https:\/\/www.steuerbuero-goettingen.de\/index.php?rest_route=\/wp\/v2\/pages\/116","targetHints":{"allow":["GET"]}}],"collection":[{"href":"https:\/\/www.steuerbuero-goettingen.de\/index.php?rest_route=\/wp\/v2\/pages"}],"about":[{"href":"https:\/\/www.steuerbuero-goettingen.de\/index.php?rest_route=\/wp\/v2\/types\/page"}],"author":[{"embeddable":true,"href":"https:\/\/www.steuerbuero-goettingen.de\/index.php?rest_route=\/wp\/v2\/users\/2"}],"replies":[{"embeddable":true,"href":"https:\/\/www.steuerbuero-goettingen.de\/index.php?rest_route=%2Fwp%2Fv2%2Fcomments&post=116"}],"version-history":[{"count":7,"href":"https:\/\/www.steuerbuero-goettingen.de\/index.php?rest_route=\/wp\/v2\/pages\/116\/revisions"}],"predecessor-version":[{"id":412,"href":"https:\/\/www.steuerbuero-goettingen.de\/index.php?rest_route=\/wp\/v2\/pages\/116\/revisions\/412"}],"wp:featuredmedia":[{"embeddable":true,"href":"https:\/\/www.steuerbuero-goettingen.de\/index.php?rest_route=\/wp\/v2\/media\/174"}],"wp:attachment":[{"href":"https:\/\/www.steuerbuero-goettingen.de\/index.php?rest_route=%2Fwp%2Fv2%2Fmedia&parent=116"}],"curies":[{"name":"wp","href":"https:\/\/api.w.org\/{rel}","templated":true}]}}