{"id":112,"date":"2020-12-08T10:48:05","date_gmt":"2020-12-08T09:48:05","guid":{"rendered":"http:\/\/www.steuerbuero-goettingen.de\/?page_id=112"},"modified":"2021-02-11T14:58:16","modified_gmt":"2021-02-11T13:58:16","slug":"buchhaltung-buchfuehrung","status":"publish","type":"page","link":"https:\/\/www.steuerbuero-goettingen.de\/?page_id=112","title":{"rendered":"Buchf\u00fchrung"},"content":{"rendered":"\n<p>Wir erstellen Ihnen Ihre Buchhaltung, egal ob monatlich, quartalsweise oder j\u00e4hrlich. Stets achten wir dabei auf hohe Qualit\u00e4t. In der Buchhaltungsgeb\u00fchr sind auch die folgenden Grundauswertungen enthalten:<\/p>\n\n\n\n<ul class=\"wp-block-list\"><li><strong>Grundauswertungen<\/strong><ul><li>BWA (betriebswirtschaftliche Auswertung):<br>(kurze Zusammenfassung des monatlichen Ergebnisses, sowie der wichtigsten Werte, einfach und \u00fcbersichtlich)Vorjahresvergleich (Vergleicht die Werte der BWA des aktuellen Zeitraumes mit dem Vorjahreszeitraum, diese Auswertung erm\u00f6glicht es Ihnen unabh\u00e4ngig von jahreszeitlichen Schwankungen Entwicklungen zu erkennen und Ma\u00dfnahmen zu ergreifen, oder den Erfolg von Ma\u00dfnahmen zu erkennen)<\/li><\/ul><ul><li>SuSa, Aufstellung aller gebuchten Positionen.<\/li><li>Umsatzsteuervoranmeldung, zielsichere steuerliche Beurteilung der Vorg\u00e4nge.<\/li><li>OPOS-Liste (Aufstellung der offenen Eingangs- und Ausgangsrechnungen). Die OPOS-Liste gibt Ihnen schnell und \u00fcbersichtlich einen \u00dcberblick \u00fcber Eingangsrechnungen die Sie noch bezahlen m\u00fcssen, oder welche Ausgangsrechnungen an Kunden noch offen sind.<\/li><\/ul><\/li><\/ul>\n\n\n\n<ul class=\"wp-block-list\"><li><strong>Zus\u00e4tzliche Leistungen<\/strong><ul><li>Controllingreport, Bewertung nach den TOP Kunden und Lieferanten<\/li><li>Qualit\u00e4ts-BWA: in dieser Form der BWA werden zus\u00e4tzlich alle m\u00f6glichen und erkennbaren Jahresabschlussbuchungen vorweggenommen. Diese BWA-Form eignet sich besonders f\u00fcr Verhandlungen mit Banken und zur Senkung von Finanzierungskosten<\/li><li>Zus\u00e4tzliche Auswertungen, Entwicklung der Liquidit\u00e4t.<\/li><li>Sie ben\u00f6tigen weitere Auflistungen oder Auswertungen, wie z.B. eine Ausf\u00fchrliche Darstellung Ihrer Kredite? Sprechen Sie uns an.<\/li><\/ul><\/li><\/ul>\n\n\n\n<p><\/p>\n","protected":false},"excerpt":{"rendered":"<p>Wir erstellen Ihnen Ihre Buchhaltung, egal ob monatlich, quartalsweise oder j\u00e4hrlich. Stets achten wir dabei auf hohe Qualit\u00e4t. In der Buchhaltungsgeb\u00fchr sind auch die folgenden <a class=\"more-link\" href=\"https:\/\/www.steuerbuero-goettingen.de\/?page_id=112\">weiterlesen&#8230;<\/a><\/p>\n","protected":false},"author":2,"featured_media":139,"parent":54,"menu_order":0,"comment_status":"closed","ping_status":"closed","template":"","meta":{"footnotes":""},"class_list":["post-112","page","type-page","status-publish","has-post-thumbnail","hentry"],"yoast_head":"<!-- This site is optimized with the Yoast SEO plugin v27.5 - https:\/\/yoast.com\/product\/yoast-seo-wordpress\/ -->\n<title>Buchf\u00fchrung - Steuerberater Dennis Schmidt<\/title>\n<meta name=\"robots\" content=\"index, follow, max-snippet:-1, max-image-preview:large, max-video-preview:-1\" \/>\n<link rel=\"canonical\" href=\"https:\/\/www.steuerbuero-goettingen.de\/?page_id=112\" \/>\n<meta property=\"og:locale\" content=\"de_DE\" \/>\n<meta property=\"og:type\" content=\"article\" \/>\n<meta property=\"og:title\" content=\"Buchf\u00fchrung - Steuerberater Dennis Schmidt\" \/>\n<meta property=\"og:description\" content=\"Wir erstellen Ihnen Ihre Buchhaltung, egal ob monatlich, quartalsweise oder j\u00e4hrlich. Stets achten wir dabei auf hohe Qualit\u00e4t. In der Buchhaltungsgeb\u00fchr sind auch die folgenden weiterlesen...\" \/>\n<meta property=\"og:url\" content=\"https:\/\/www.steuerbuero-goettingen.de\/?page_id=112\" \/>\n<meta property=\"og:site_name\" content=\"Steuerberater Dennis Schmidt\" \/>\n<meta property=\"article:modified_time\" content=\"2021-02-11T13:58:16+00:00\" \/>\n<meta property=\"og:image\" content=\"https:\/\/www.steuerbuero-goettingen.de\/wp-content\/uploads\/2020\/12\/buchhaltung.jpg\" \/>\n\t<meta property=\"og:image:width\" content=\"1200\" \/>\n\t<meta property=\"og:image:height\" content=\"400\" \/>\n\t<meta property=\"og:image:type\" content=\"image\/jpeg\" \/>\n<meta name=\"twitter:card\" content=\"summary_large_image\" \/>\n<meta name=\"twitter:label1\" content=\"Gesch\u00e4tzte Lesezeit\" \/>\n\t<meta name=\"twitter:data1\" content=\"1\u00a0Minute\" \/>\n<script type=\"application\/ld+json\" class=\"yoast-schema-graph\">{\"@context\":\"https:\\\/\\\/schema.org\",\"@graph\":[{\"@type\":\"WebPage\",\"@id\":\"https:\\\/\\\/www.steuerbuero-goettingen.de\\\/?page_id=112\",\"url\":\"https:\\\/\\\/www.steuerbuero-goettingen.de\\\/?page_id=112\",\"name\":\"Buchf\u00fchrung - Steuerberater Dennis Schmidt\",\"isPartOf\":{\"@id\":\"https:\\\/\\\/www.steuerbuero-goettingen.de\\\/#website\"},\"primaryImageOfPage\":{\"@id\":\"https:\\\/\\\/www.steuerbuero-goettingen.de\\\/?page_id=112#primaryimage\"},\"image\":{\"@id\":\"https:\\\/\\\/www.steuerbuero-goettingen.de\\\/?page_id=112#primaryimage\"},\"thumbnailUrl\":\"https:\\\/\\\/www.steuerbuero-goettingen.de\\\/wp-content\\\/uploads\\\/2020\\\/12\\\/buchhaltung.jpg\",\"datePublished\":\"2020-12-08T09:48:05+00:00\",\"dateModified\":\"2021-02-11T13:58:16+00:00\",\"breadcrumb\":{\"@id\":\"https:\\\/\\\/www.steuerbuero-goettingen.de\\\/?page_id=112#breadcrumb\"},\"inLanguage\":\"de\",\"potentialAction\":[{\"@type\":\"ReadAction\",\"target\":[\"https:\\\/\\\/www.steuerbuero-goettingen.de\\\/?page_id=112\"]}]},{\"@type\":\"ImageObject\",\"inLanguage\":\"de\",\"@id\":\"https:\\\/\\\/www.steuerbuero-goettingen.de\\\/?page_id=112#primaryimage\",\"url\":\"https:\\\/\\\/www.steuerbuero-goettingen.de\\\/wp-content\\\/uploads\\\/2020\\\/12\\\/buchhaltung.jpg\",\"contentUrl\":\"https:\\\/\\\/www.steuerbuero-goettingen.de\\\/wp-content\\\/uploads\\\/2020\\\/12\\\/buchhaltung.jpg\",\"width\":1200,\"height\":400},{\"@type\":\"BreadcrumbList\",\"@id\":\"https:\\\/\\\/www.steuerbuero-goettingen.de\\\/?page_id=112#breadcrumb\",\"itemListElement\":[{\"@type\":\"ListItem\",\"position\":1,\"name\":\"Startseite\",\"item\":\"https:\\\/\\\/www.steuerbuero-goettingen.de\\\/\"},{\"@type\":\"ListItem\",\"position\":2,\"name\":\"Steuerberater Dennis Schmidt\",\"item\":\"https:\\\/\\\/www.steuerbuero-goettingen.de\\\/\"},{\"@type\":\"ListItem\",\"position\":3,\"name\":\"Buchf\u00fchrung\"}]},{\"@type\":\"WebSite\",\"@id\":\"https:\\\/\\\/www.steuerbuero-goettingen.de\\\/#website\",\"url\":\"https:\\\/\\\/www.steuerbuero-goettingen.de\\\/\",\"name\":\"Steuerberater Dennis Schmidt\",\"description\":\"Telefon 0551 - 522 06 0 \u00b7 info@steuerbuero-goettingen.de\",\"publisher\":{\"@id\":\"https:\\\/\\\/www.steuerbuero-goettingen.de\\\/#organization\"},\"potentialAction\":[{\"@type\":\"SearchAction\",\"target\":{\"@type\":\"EntryPoint\",\"urlTemplate\":\"https:\\\/\\\/www.steuerbuero-goettingen.de\\\/?s={search_term_string}\"},\"query-input\":{\"@type\":\"PropertyValueSpecification\",\"valueRequired\":true,\"valueName\":\"search_term_string\"}}],\"inLanguage\":\"de\"},{\"@type\":\"Organization\",\"@id\":\"https:\\\/\\\/www.steuerbuero-goettingen.de\\\/#organization\",\"name\":\"Steuerberater Dennis Schmidt\",\"url\":\"https:\\\/\\\/www.steuerbuero-goettingen.de\\\/\",\"logo\":{\"@type\":\"ImageObject\",\"inLanguage\":\"de\",\"@id\":\"https:\\\/\\\/www.steuerbuero-goettingen.de\\\/#\\\/schema\\\/logo\\\/image\\\/\",\"url\":\"https:\\\/\\\/www.steuerbuero-goettingen.de\\\/wp-content\\\/uploads\\\/2021\\\/01\\\/cropped-logo_x.png\",\"contentUrl\":\"https:\\\/\\\/www.steuerbuero-goettingen.de\\\/wp-content\\\/uploads\\\/2021\\\/01\\\/cropped-logo_x.png\",\"width\":60,\"height\":80,\"caption\":\"Steuerberater Dennis Schmidt\"},\"image\":{\"@id\":\"https:\\\/\\\/www.steuerbuero-goettingen.de\\\/#\\\/schema\\\/logo\\\/image\\\/\"}}]}<\/script>\n<!-- \/ Yoast SEO plugin. -->","yoast_head_json":{"title":"Buchf\u00fchrung - Steuerberater Dennis Schmidt","robots":{"index":"index","follow":"follow","max-snippet":"max-snippet:-1","max-image-preview":"max-image-preview:large","max-video-preview":"max-video-preview:-1"},"canonical":"https:\/\/www.steuerbuero-goettingen.de\/?page_id=112","og_locale":"de_DE","og_type":"article","og_title":"Buchf\u00fchrung - Steuerberater Dennis Schmidt","og_description":"Wir erstellen Ihnen Ihre Buchhaltung, egal ob monatlich, quartalsweise oder j\u00e4hrlich. Stets achten wir dabei auf hohe Qualit\u00e4t. In der Buchhaltungsgeb\u00fchr sind auch die folgenden weiterlesen...","og_url":"https:\/\/www.steuerbuero-goettingen.de\/?page_id=112","og_site_name":"Steuerberater Dennis Schmidt","article_modified_time":"2021-02-11T13:58:16+00:00","og_image":[{"width":1200,"height":400,"url":"https:\/\/www.steuerbuero-goettingen.de\/wp-content\/uploads\/2020\/12\/buchhaltung.jpg","type":"image\/jpeg"}],"twitter_card":"summary_large_image","twitter_misc":{"Gesch\u00e4tzte Lesezeit":"1\u00a0Minute"},"schema":{"@context":"https:\/\/schema.org","@graph":[{"@type":"WebPage","@id":"https:\/\/www.steuerbuero-goettingen.de\/?page_id=112","url":"https:\/\/www.steuerbuero-goettingen.de\/?page_id=112","name":"Buchf\u00fchrung - Steuerberater Dennis Schmidt","isPartOf":{"@id":"https:\/\/www.steuerbuero-goettingen.de\/#website"},"primaryImageOfPage":{"@id":"https:\/\/www.steuerbuero-goettingen.de\/?page_id=112#primaryimage"},"image":{"@id":"https:\/\/www.steuerbuero-goettingen.de\/?page_id=112#primaryimage"},"thumbnailUrl":"https:\/\/www.steuerbuero-goettingen.de\/wp-content\/uploads\/2020\/12\/buchhaltung.jpg","datePublished":"2020-12-08T09:48:05+00:00","dateModified":"2021-02-11T13:58:16+00:00","breadcrumb":{"@id":"https:\/\/www.steuerbuero-goettingen.de\/?page_id=112#breadcrumb"},"inLanguage":"de","potentialAction":[{"@type":"ReadAction","target":["https:\/\/www.steuerbuero-goettingen.de\/?page_id=112"]}]},{"@type":"ImageObject","inLanguage":"de","@id":"https:\/\/www.steuerbuero-goettingen.de\/?page_id=112#primaryimage","url":"https:\/\/www.steuerbuero-goettingen.de\/wp-content\/uploads\/2020\/12\/buchhaltung.jpg","contentUrl":"https:\/\/www.steuerbuero-goettingen.de\/wp-content\/uploads\/2020\/12\/buchhaltung.jpg","width":1200,"height":400},{"@type":"BreadcrumbList","@id":"https:\/\/www.steuerbuero-goettingen.de\/?page_id=112#breadcrumb","itemListElement":[{"@type":"ListItem","position":1,"name":"Startseite","item":"https:\/\/www.steuerbuero-goettingen.de\/"},{"@type":"ListItem","position":2,"name":"Steuerberater Dennis Schmidt","item":"https:\/\/www.steuerbuero-goettingen.de\/"},{"@type":"ListItem","position":3,"name":"Buchf\u00fchrung"}]},{"@type":"WebSite","@id":"https:\/\/www.steuerbuero-goettingen.de\/#website","url":"https:\/\/www.steuerbuero-goettingen.de\/","name":"Steuerberater Dennis Schmidt","description":"Telefon 0551 - 522 06 0 \u00b7 info@steuerbuero-goettingen.de","publisher":{"@id":"https:\/\/www.steuerbuero-goettingen.de\/#organization"},"potentialAction":[{"@type":"SearchAction","target":{"@type":"EntryPoint","urlTemplate":"https:\/\/www.steuerbuero-goettingen.de\/?s={search_term_string}"},"query-input":{"@type":"PropertyValueSpecification","valueRequired":true,"valueName":"search_term_string"}}],"inLanguage":"de"},{"@type":"Organization","@id":"https:\/\/www.steuerbuero-goettingen.de\/#organization","name":"Steuerberater Dennis Schmidt","url":"https:\/\/www.steuerbuero-goettingen.de\/","logo":{"@type":"ImageObject","inLanguage":"de","@id":"https:\/\/www.steuerbuero-goettingen.de\/#\/schema\/logo\/image\/","url":"https:\/\/www.steuerbuero-goettingen.de\/wp-content\/uploads\/2021\/01\/cropped-logo_x.png","contentUrl":"https:\/\/www.steuerbuero-goettingen.de\/wp-content\/uploads\/2021\/01\/cropped-logo_x.png","width":60,"height":80,"caption":"Steuerberater Dennis Schmidt"},"image":{"@id":"https:\/\/www.steuerbuero-goettingen.de\/#\/schema\/logo\/image\/"}}]}},"_links":{"self":[{"href":"https:\/\/www.steuerbuero-goettingen.de\/index.php?rest_route=\/wp\/v2\/pages\/112","targetHints":{"allow":["GET"]}}],"collection":[{"href":"https:\/\/www.steuerbuero-goettingen.de\/index.php?rest_route=\/wp\/v2\/pages"}],"about":[{"href":"https:\/\/www.steuerbuero-goettingen.de\/index.php?rest_route=\/wp\/v2\/types\/page"}],"author":[{"embeddable":true,"href":"https:\/\/www.steuerbuero-goettingen.de\/index.php?rest_route=\/wp\/v2\/users\/2"}],"replies":[{"embeddable":true,"href":"https:\/\/www.steuerbuero-goettingen.de\/index.php?rest_route=%2Fwp%2Fv2%2Fcomments&post=112"}],"version-history":[{"count":8,"href":"https:\/\/www.steuerbuero-goettingen.de\/index.php?rest_route=\/wp\/v2\/pages\/112\/revisions"}],"predecessor-version":[{"id":414,"href":"https:\/\/www.steuerbuero-goettingen.de\/index.php?rest_route=\/wp\/v2\/pages\/112\/revisions\/414"}],"up":[{"embeddable":true,"href":"https:\/\/www.steuerbuero-goettingen.de\/index.php?rest_route=\/wp\/v2\/pages\/54"}],"wp:featuredmedia":[{"embeddable":true,"href":"https:\/\/www.steuerbuero-goettingen.de\/index.php?rest_route=\/wp\/v2\/media\/139"}],"wp:attachment":[{"href":"https:\/\/www.steuerbuero-goettingen.de\/index.php?rest_route=%2Fwp%2Fv2%2Fmedia&parent=112"}],"curies":[{"name":"wp","href":"https:\/\/api.w.org\/{rel}","templated":true}]}}